{"id":64789,"date":"2026-01-30T14:50:18","date_gmt":"2026-01-30T18:50:18","guid":{"rendered":"https:\/\/www.manaycpa.com\/?page_id=64789"},"modified":"2026-01-30T14:50:18","modified_gmt":"2026-01-30T18:50:18","slug":"irem-izgordu-atici","status":"publish","type":"page","link":"https:\/\/www.manaycpa.com\/tr\/hakkimizda\/ekibimiz\/irem-izgordu-atici\/","title":{"rendered":"\u0130rem \u0130zg\u00f6rd\u00fc At\u0131c\u0131"},"content":{"rendered":"<div class=\"wpb-content-wrapper\"><p>[vc_row full_width=&#8221;stretch_row&#8221; css=&#8221;.vc_custom_1629916042978{padding-top: 100px !important;padding-bottom: 80px !important;background-image: url(https:\/\/www.manaycpa.com\/wp-content\/uploads\/2021\/02\/team-manay-1s.jpg?id=9932) !important;}&#8221;][vc_column][vc_row_inner][vc_column_inner][vc_empty_space height=&#8221;50px&#8221;]<header class=\"kd-section-title col-lg-12 text-center  kd-animated fadeIn   vc_custom_1632144895164\" data-animation-delay=200><h2 class=\"separator_off\" style=\"color: #ffffff;font-size: 46px !important;\">Manay CPA Ekibi<\/h2><h6 class=\"subtitle \" style=\"color: #ffffff;\">\u0130\u015f d\u00fcnyas\u0131ndaki uzun y\u0131llard\u0131r s\u00fcregelen uzmanl\u0131\u011f\u0131m\u0131z ile her zaman size yard\u0131m etmeye haz\u0131r\u0131z.<\/h6><\/header>[\/vc_column_inner][\/vc_row_inner][\/vc_column][\/vc_row][vc_row][vc_column width=&#8221;1\/4&#8243; offset=&#8221;vc_col-lg-1&#8243;][\/vc_column][vc_column width=&#8221;1\/4&#8243; offset=&#8221;vc_col-lg-6&#8243;][vc_empty_space height=&#8221;70px&#8221;]<header class=\"kd-section-title col-lg-12 text-left  kd-animated fadeIn  \" data-animation-delay=200><h1 class=\"separator_off\" style=\"font-size: 37px !important;line-height: 44px;\">\u0130rem \u0130zg\u00f6rd\u00fc At\u0131c\u0131<\/h1><\/header><header class=\"kd-section-title col-lg-12 text-left  kd-animated fadeIn  \" data-animation-delay=200><h2 class=\"separator_off\" style=\"font-size: 22px !important;line-height: 44px;\">People &amp; Culture Associate<\/h2><\/header>[vc_empty_space height=&#8221;20px&#8221;]<a href=\"https:\/\/www.linkedin.com\/in\/irem-izg%C3%B6rd%C3%BC-at%C4%B1c%C4%B1-30a221132\" target=\"_blank\" title=\"https:\/\/www.linkedin.com\/in\/irem-izg%C3%B6rd%C3%BC-at%C4%B1c%C4%B1-30a221132\" class=\"tt_button tt_primary_button btn_primary_color  pull-left button-action-link\" rel=\"nofollow noopener\"><span class=\"prim_text\">L\u0131nkedIn<\/span><\/a>[\/vc_column][vc_column width=&#8221;1\/4&#8243; offset=&#8221;vc_col-lg-4&#8243;][vc_empty_space height=&#8221;50px&#8221;][vc_single_image image=&#8221;64704&#8243; img_size=&#8221;full&#8221; style=&#8221;vc_box_shadow_border&#8221; css_animation=&#8221;fadeInLeft&#8221; css=&#8221;&#8221;][\/vc_column][vc_column width=&#8221;1\/4&#8243;][\/vc_column][\/vc_row][vc_row][vc_column width=&#8221;1\/12&#8243; offset=&#8221;vc_col-lg-1&#8243;][\/vc_column][vc_column width=&#8221;2\/3&#8243; css=&#8221;.vc_custom_1614418963997{padding-right: 25px !important;}&#8221; offset=&#8221;vc_col-lg-8 vc_col-md-12 vc_col-xs-12&#8243;][vc_empty_space height=&#8221;20px&#8221;][vc_column_text css=&#8221;&#8221;]<\/p>\n<h3><span style=\"font-family: georgia, palatino, serif;\"><b>Profesyonel Deneyimleri<\/b><\/span><\/h3>\n<p data-start=\"2102\" data-end=\"2603\"><span style=\"font-family: georgia, palatino, serif;\">\u0130rem, Bilkent \u00dcniversitesi Psikoloji b\u00f6l\u00fcm\u00fcnden lisans derecesi ile mezun olmu\u015f ve \u0130nsan Kaynaklar\u0131 kariyerine Bosch Siemens Ev Aletleri\u2019nde HRBP Asistan\u0131 olarak ba\u015flam\u0131\u015ft\u0131r. Bu rolde yakla\u015f\u0131k bir y\u0131l boyunca, kurumsal bir yap\u0131 i\u00e7erisinde temel \u0130K s\u00fcre\u00e7leri ve \u00e7al\u0131\u015fan ya\u015fam d\u00f6ng\u00fcs\u00fc operasyonlar\u0131n\u0131n desteklenmesinde aktif rol alm\u0131\u015ft\u0131r. Bu erken d\u00f6nem deneyimi, insan kaynaklar\u0131 operasyonlar\u0131, payda\u015flarla i\u015f birli\u011fi ve yap\u0131land\u0131r\u0131lm\u0131\u015f \u0130K uygulamalar\u0131 konusunda g\u00fc\u00e7l\u00fc bir temel edinmesini sa\u011flam\u0131\u015ft\u0131r.<\/span><\/p>\n<p data-start=\"2605\" data-end=\"3057\"><span style=\"font-family: georgia, palatino, serif;\">Sonraki d\u00f6rt y\u0131l boyunca \u0130rem, uluslararas\u0131 ve uzaktan \u00e7al\u0131\u015fma odakl\u0131 organizasyonlarda Global Talent Partner olarak g\u00f6rev alm\u0131\u015ft\u0131r. En son, merkezi \u0130sve\u00e7\u2019te bulunan bir teknoloji scale-up\u2019\u0131nda, global pazarlarda faaliyet g\u00f6steren \u00e7ok k\u00fclt\u00fcrl\u00fc ekiplerle birlikte \u00e7al\u0131\u015fm\u0131\u015ft\u0131r. Kariyeri boyunca g\u00fc\u00e7l\u00fc operasyonel yetkinliklerini insan odakl\u0131 ve empatik bir yakla\u015f\u0131mla birle\u015ftirerek, \u00e7al\u0131\u015fan deneyimi ve s\u00fcre\u00e7 iyile\u015ftirme uygulamalar\u0131na katk\u0131 sa\u011flam\u0131\u015ft\u0131r.<\/span><\/p>\n<h3><span style=\"font-family: georgia, palatino, serif;\"><b>Manay CPA&#8217;deki Yeri<\/b><\/span><\/h3>\n<p><span style=\"font-family: georgia, palatino, serif;\">Manay CPA\u2019da People &amp; Culture Associate olarak g\u00f6rev alan \u0130rem, kurum genelindeki insan kaynaklar\u0131 s\u00fcre\u00e7lerine destek olmaktad\u0131r. Rol\u00fc kapsam\u0131nda \u00e7al\u0131\u015fan ya\u015fam d\u00f6ng\u00fcs\u00fc operasyonlar\u0131na katk\u0131 sa\u011flar, i\u00e7 koordinasyonu destekler ve People &amp; Culture projelerinde aktif rol al\u0131r. Ekiplerle yak\u0131n i\u015f birli\u011fi i\u00e7inde \u00e7al\u0131\u015farak s\u00fcre\u00e7lerin sorunsuz ilerlemesini ve olumlu bir \u00e7al\u0131\u015fan deneyimini destekler. \u0130rem, \u015feffaf, kapsay\u0131c\u0131 ve insan odakl\u0131 bir \u00e7al\u0131\u015fma ortam\u0131n\u0131n g\u00fc\u00e7lenmesine katk\u0131 sa\u011flamay\u0131 hedeflemektedir.<\/span><\/p>\n<h3><strong><span style=\"font-family: georgia, palatino, serif;\">Ki\u015fisel \u0130lgi Alanlar\u0131<\/span><\/strong><\/h3>\n<p><span style=\"font-family: georgia, palatino, serif;\">\u0130\u015f hayat\u0131n\u0131n d\u0131\u015f\u0131nda \u0130rem, seyahat etmeyi ve farkl\u0131 k\u00fclt\u00fcrleri ke\u015ffetmeyi sever; bu ilgi alan\u0131 hem ki\u015fisel hem de profesyonel bak\u0131\u015f a\u00e7\u0131s\u0131n\u0131n geli\u015fmesine katk\u0131 sa\u011flar. S\u00fcrekli \u00f6\u011frenmeye de\u011fer verir ve insan davran\u0131\u015flar\u0131 ile ki\u015fisel geli\u015fimle ilgili okumalar yapmaktan keyif al\u0131r. Ayr\u0131ca serami\u011fe ilgi duyar ve bu alandaki becerilerini geli\u015ftirmek i\u00e7in d\u00fczenli olarak at\u00f6lye \u00e7al\u0131\u015fmalar\u0131na kat\u0131l\u0131r.<\/span>[\/vc_column_text][\/vc_column][\/vc_row][vc_row full_width=&#8221;stretch_row&#8221; css=&#8221;.vc_custom_1614419641251{background-color: #ffffff !important;}&#8221;][vc_column width=&#8221;1\/6&#8243; offset=&#8221;vc_col-lg-2&#8243;][\/vc_column][vc_column width=&#8221;2\/3&#8243; css=&#8221;.vc_custom_1614419340057{padding-right: 0px !important;padding-left: 0px !important;}&#8221; offset=&#8221;vc_col-lg-8&#8243;][vc_row_inner css=&#8221;.vc_custom_1511348683940{padding-top: 100px !important;padding-bottom: 100px !important;}&#8221;][vc_column_inner offset=&#8221;vc_col-lg-12 vc_col-md-12&#8243;][vc_custom_heading text=&#8221;Finansal ipu\u00e7lar\u0131, vergilerinizin son \u00f6deme tarihleri ve di\u011fer vergi stratejileri i\u00e7in b\u00fcltenimize abone olun&#8221; font_container=&#8221;tag:h3|font_size:23px%20!important|text_align:center|line_height:44px&#8221; use_theme_fonts=&#8221;yes&#8221; css_animation=&#8221;fadeIn&#8221; css=&#8221;.vc_custom_1617487578282{margin-bottom: 0px !important;}&#8221;][vc_empty_space height=&#8221;20px&#8221;][vc_raw_js]JTNDc2NyaXB0JTIwY2hhcnNldCUzRCUyMnV0Zi04JTIyJTIwdHlwZSUzRCUyMnRleHQlMkZqYXZhc2NyaXB0JTIyJTIwc3JjJTNEJTIyJTJGJTJGanMuaHNmb3Jtcy5uZXQlMkZmb3JtcyUyRnYyLmpzJTIyJTNFJTNDJTJGc2NyaXB0JTNFJTBBJTNDc2NyaXB0JTNFJTBBJTIwJTIwaGJzcHQuZm9ybXMuY3JlYXRlJTI4JTdCJTBBJTIwJTIwJTIwJTIwcmVnaW9uJTNBJTIwJTIybmExJTIyJTJDJTBBJTIwJTIwJTIwJTIwcG9ydGFsSWQlM0ElMjAlMjI2ODU1Njc0JTIyJTJDJTBBJTIwJTIwJTIwJTIwZm9ybUlkJTNBJTIwJTIyYjZhZGFjZGQtOWQ4Ni00YWI4LWJjYjQtZWY5ZTUzMzM4ZDg2JTIyJTBBJTIwJTIwJTdEJTI5JTNCJTBBJTNDJTJGc2NyaXB0JTNF[\/vc_raw_js][\/vc_column_inner][\/vc_row_inner][\/vc_column][vc_column width=&#8221;1\/6&#8243; offset=&#8221;vc_col-lg-2&#8243;][\/vc_column][\/vc_row]<\/p>\n<\/div>","protected":false},"excerpt":{"rendered":"<p>[vc_row full_width=&#8221;stretch_row&#8221; css=&#8221;.vc_custom_1629916042978{padding-top: 100px !important;padding-bottom: 80px !important;background-image: url(https:\/\/www.manaycpa.com\/wp-content\/uploads\/2021\/02\/team-manay-1s.jpg?id=9932) !important;}&#8221;][vc_column][vc_row_inner][vc_column_inner][vc_empty_space height=&#8221;50px&#8221;][\/vc_column_inner][\/vc_row_inner][\/vc_column][\/vc_row][vc_row][vc_column width=&#8221;1\/4&#8243; offset=&#8221;vc_col-lg-1&#8243;][\/vc_column][vc_column width=&#8221;1\/4&#8243; offset=&#8221;vc_col-lg-6&#8243;][vc_empty_space height=&#8221;70px&#8221;][vc_empty_space height=&#8221;20px&#8221;][\/vc_column][vc_column width=&#8221;1\/4&#8243; offset=&#8221;vc_col-lg-4&#8243;][vc_empty_space height=&#8221;50px&#8221;][vc_single_image image=&#8221;64704&#8243; img_size=&#8221;full&#8221; style=&#8221;vc_box_shadow_border&#8221; css_animation=&#8221;fadeInLeft&#8221; css=&#8221;&#8221;][\/vc_column][vc_column width=&#8221;1\/4&#8243;][\/vc_column][\/vc_row][vc_row][vc_column width=&#8221;1\/12&#8243; offset=&#8221;vc_col-lg-1&#8243;][\/vc_column][vc_column width=&#8221;2\/3&#8243; css=&#8221;.vc_custom_1614418963997{padding-right: 25px [&hellip;]<\/p>\n","protected":false},"author":19,"featured_media":0,"parent":9917,"menu_order":0,"comment_status":"closed","ping_status":"closed","template":"","meta":{"footnotes":""},"class_list":["post-64789","page","type-page","status-publish","hentry"],"_links":{"self":[{"href":"https:\/\/www.manaycpa.com\/tr\/wp-json\/wp\/v2\/pages\/64789","targetHints":{"allow":["GET"]}}],"collection":[{"href":"https:\/\/www.manaycpa.com\/tr\/wp-json\/wp\/v2\/pages"}],"about":[{"href":"https:\/\/www.manaycpa.com\/tr\/wp-json\/wp\/v2\/types\/page"}],"author":[{"embeddable":true,"href":"https:\/\/www.manaycpa.com\/tr\/wp-json\/wp\/v2\/users\/19"}],"replies":[{"embeddable":true,"href":"https:\/\/www.manaycpa.com\/tr\/wp-json\/wp\/v2\/comments?post=64789"}],"version-history":[{"count":3,"href":"https:\/\/www.manaycpa.com\/tr\/wp-json\/wp\/v2\/pages\/64789\/revisions"}],"predecessor-version":[{"id":64792,"href":"https:\/\/www.manaycpa.com\/tr\/wp-json\/wp\/v2\/pages\/64789\/revisions\/64792"}],"up":[{"embeddable":true,"href":"https:\/\/www.manaycpa.com\/tr\/wp-json\/wp\/v2\/pages\/9917"}],"wp:attachment":[{"href":"https:\/\/www.manaycpa.com\/tr\/wp-json\/wp\/v2\/media?parent=64789"}],"curies":[{"name":"wp","href":"https:\/\/api.w.org\/{rel}","templated":true}]}}