{"id":64826,"date":"2026-01-31T15:30:44","date_gmt":"2026-01-31T19:30:44","guid":{"rendered":"https:\/\/www.manaycpa.com\/?page_id=64826"},"modified":"2026-01-31T15:30:44","modified_gmt":"2026-01-31T19:30:44","slug":"hakan-talih","status":"publish","type":"page","link":"https:\/\/www.manaycpa.com\/tr\/hakkimizda\/ekibimiz\/hakan-talih\/","title":{"rendered":"Hakan Talih"},"content":{"rendered":"<div class=\"wpb-content-wrapper\"><p>[vc_row full_width=&#8221;stretch_row&#8221; css=&#8221;.vc_custom_1629917069344{padding-top: 100px !important;padding-bottom: 80px !important;background-image: url(https:\/\/www.manaycpa.com\/wp-content\/uploads\/2021\/02\/team-manay-1s.jpg?id=8423) !important;}&#8221;][vc_column][vc_row_inner][vc_column_inner][vc_empty_space height=&#8221;50px&#8221;]<header class=\"kd-section-title col-lg-12 text-center  kd-animated fadeIn   vc_custom_1741635721994\" data-animation-delay=200><h2 class=\"separator_off\" style=\"color: #ffffff;font-size: 46px !important;\">Manay CPA Ekibi<\/h2><h6 class=\"subtitle \" style=\"color: #ffffff;\">\u0130\u015f d\u00fcnyas\u0131ndaki uzun y\u0131llard\u0131r s\u00fcregelen uzmanl\u0131\u011f\u0131m\u0131z ile her zaman size yard\u0131m etmeye haz\u0131r\u0131z.<\/h6><\/header>[\/vc_column_inner][\/vc_row_inner][\/vc_column][\/vc_row][vc_row][vc_column width=&#8221;1\/4&#8243; offset=&#8221;vc_col-lg-1&#8243;][\/vc_column][vc_column width=&#8221;1\/4&#8243; offset=&#8221;vc_col-lg-6&#8243;][vc_empty_space height=&#8221;50px&#8221;]<header class=\"kd-section-title col-lg-12 text-left  kd-animated fadeIn  \" data-animation-delay=200><h1 class=\"separator_off\" style=\"font-size: 37px !important;line-height: 44px;\">Hakan Talih<\/h1><\/header><header class=\"kd-section-title col-lg-12 text-left  kd-animated fadeIn  \" data-animation-delay=200><h2 class=\"separator_off\" style=\"font-size: 22px !important;line-height: 44px;\">Associate<\/h2><\/header>[vc_empty_space height=&#8221;20px&#8221;]<a href=\"https:\/\/www.linkedin.com\/in\/hakan-talih-130369177\/\" target=\"_blank\" title=\"https:\/\/www.linkedin.com\/in\/hakan-talih-130369177\/\" class=\"tt_button tt_primary_button btn_primary_color  pull-left button-action-link\" rel=\"nofollow noopener\"><span class=\"prim_text\">L\u0131nkedIn<\/span><\/a>[\/vc_column][vc_column width=&#8221;1\/4&#8243; offset=&#8221;vc_col-lg-4&#8243;][vc_empty_space height=&#8221;50px&#8221;][vc_single_image image=&#8221;64777&#8243; img_size=&#8221;full&#8221; style=&#8221;vc_box_shadow_border&#8221; css_animation=&#8221;fadeInLeft&#8221; css=&#8221;&#8221;][\/vc_column][vc_column width=&#8221;1\/4&#8243;][\/vc_column][\/vc_row][vc_row css=&#8221;.vc_custom_1613295464983{padding-top: 100px !important;}&#8221;][vc_column width=&#8221;1\/12&#8243; offset=&#8221;vc_col-lg-1&#8243;][\/vc_column][vc_column width=&#8221;2\/3&#8243; css=&#8221;.vc_custom_1614418963997{padding-right: 25px !important;}&#8221; offset=&#8221;vc_col-lg-8 vc_col-md-12 vc_col-xs-12&#8243;][vc_column_text css=&#8221;&#8221;]<\/p>\n<h3><span style=\"font-family: georgia, palatino, serif;\"><b>Profesyonel Deneyim\u00a0<\/b><\/span><\/h3>\n<p data-start=\"132\" data-end=\"744\"><span style=\"font-family: georgia, palatino, serif;\">Hakan, muhasebe, denetim ve finansal raporlama alanlar\u0131nda g\u00fc\u00e7l\u00fc bir mesleki altyap\u0131ya sahiptir. Marmara \u00dcniversitesi \u0130\u015fletme B\u00f6l\u00fcm\u00fc mezunudur. Profesyonel kariyerine Deloitte\u2019ta ba\u015flam\u0131\u015f ve Senior Auditor olarak farkl\u0131 sekt\u00f6rlerde finansal tablo denetimlerinde g\u00f6rev alm\u0131\u015ft\u0131r. Bu s\u00fcre\u00e7te konsolidasyon, i\u00e7 kontrol sistemleri ve finansal analiz konular\u0131nda uygulamal\u0131 deneyim kazanm\u0131\u015ft\u0131r. Daha sonra holding seviyesinde b\u00fct\u00e7e, raporlama ve performans analizine odaklanan kurumsal finans rollerinde \u00e7al\u0131\u015fm\u0131\u015ft\u0131r. Analitik d\u00fc\u015f\u00fcnme yetene\u011fi, detaylara verdi\u011fi \u00f6nem ve sistematik \u00e7al\u0131\u015fma yakla\u015f\u0131m\u0131yla \u00f6ne \u00e7\u0131kmaktad\u0131r.<\/span><\/p>\n<h3><span style=\"font-family: georgia, palatino, serif;\"><b>Manay CPA&#8217;deki Rol\u00fc<\/b><\/span><\/h3>\n<p><span style=\"font-family: georgia, palatino, serif;\">Manay CPA\u2019de Accounting Operations ekibinde Associate olarak g\u00f6rev yapan Hakan, uluslararas\u0131 m\u00fc\u015fterilere muhasebe destek hizmetleri sunmaktad\u0131r. Yeni m\u00fc\u015fteri onboarding s\u00fcre\u00e7leri, yeni \u015firket kurulu\u015flar\u0131 ve faturalama i\u015flemlerinde aktif rol almaktad\u0131r. GAAP standartlar\u0131na uygun finansal tablolar\u0131n ve amortisman \u00e7izelgelerinin haz\u0131rlanmas\u0131na katk\u0131 sa\u011flamaktad\u0131r. Vergi beyannameleri, vergi ara\u015ft\u0131rmalar\u0131 ve vergi dan\u0131\u015fmanl\u0131\u011f\u0131 s\u00fcre\u00e7lerinde destek vermektedir. Ayr\u0131ca bireysel ve kurumsal bordro i\u015flemlerinde g\u00f6rev almaktad\u0131r. Bu kapsamda Manay CPA\u2019nin muhasebe ve dan\u0131\u015fmanl\u0131k hizmetlerinin etkin ve do\u011fru \u015fekilde sunulmas\u0131na katk\u0131da bulunmaktad\u0131r.<\/span><\/p>\n<h3><span style=\"font-family: georgia, palatino, serif;\"><b>Ki\u015fisel \u0130lgi Alanlar\u0131<\/b><\/span><\/h3>\n<p><span style=\"font-family: georgia, palatino, serif;\">Profesyonel ya\u015fam\u0131n\u0131n d\u0131\u015f\u0131nda Hakan\u2019\u0131n m\u00fczik ve sanatla g\u00fc\u00e7l\u00fc bir ba\u011f\u0131 bulunmaktad\u0131r. Piyano, gitar ve ud \u00e7almakta; bo\u015f zamanlar\u0131nda farkl\u0131 m\u00fczik t\u00fcrlerini ke\u015ffetmekten keyif almaktad\u0131r. Kitap okumak g\u00fcnl\u00fck ya\u015fam\u0131n\u0131n \u00f6nemli bir par\u00e7as\u0131d\u0131r ve \u00f6zenle olu\u015fturdu\u011fu ki\u015fisel k\u00fct\u00fcphanesiyle gurur duymaktad\u0131r. M\u00fczik ve edebiyat\u0131n yarat\u0131c\u0131l\u0131\u011f\u0131, disiplini ve ki\u015fisel geli\u015fimi destekledi\u011fine inanmaktad\u0131r. S\u00fcrekli \u00f6\u011frenmeye \u00f6nem veren Hakan, dengeli bir ya\u015fam s\u00fcrmeyi hedeflemektedir. Analitik \u00e7al\u0131\u015fma hayat\u0131n\u0131 yarat\u0131c\u0131 u\u011fra\u015flarla dengelemeyi tercih etmektedir.<\/span>[\/vc_column_text][\/vc_column][\/vc_row][vc_row full_width=&#8221;stretch_row&#8221; css=&#8221;.vc_custom_1614419641251{background-color: #ffffff !important;}&#8221;][vc_column width=&#8221;1\/6&#8243; offset=&#8221;vc_col-lg-2&#8243;][\/vc_column][vc_column width=&#8221;2\/3&#8243; css=&#8221;.vc_custom_1614419340057{padding-right: 0px !important;padding-left: 0px !important;}&#8221; offset=&#8221;vc_col-lg-8&#8243;][vc_row_inner css=&#8221;.vc_custom_1511348683940{padding-top: 100px !important;padding-bottom: 100px !important;}&#8221;][vc_column_inner offset=&#8221;vc_col-lg-12 vc_col-md-12&#8243;][vc_custom_heading text=&#8221;Finansal ipu\u00e7lar\u0131, vergilerinizin son \u00f6deme tarihleri ve di\u011fer vergi stratejileri i\u00e7in b\u00fcltenimize abone olun&#8221; font_container=&#8221;tag:h3|font_size:23px%20!important|text_align:center|line_height:44px&#8221; use_theme_fonts=&#8221;yes&#8221; css_animation=&#8221;fadeIn&#8221; css=&#8221;.vc_custom_1617487578282{margin-bottom: 0px !important;}&#8221;][vc_empty_space height=&#8221;20px&#8221;][vc_raw_js]JTNDc2NyaXB0JTIwY2hhcnNldCUzRCUyMnV0Zi04JTIyJTIwdHlwZSUzRCUyMnRleHQlMkZqYXZhc2NyaXB0JTIyJTIwc3JjJTNEJTIyJTJGJTJGanMuaHNmb3Jtcy5uZXQlMkZmb3JtcyUyRnYyLmpzJTIyJTNFJTNDJTJGc2NyaXB0JTNFJTBBJTNDc2NyaXB0JTNFJTBBJTIwJTIwaGJzcHQuZm9ybXMuY3JlYXRlJTI4JTdCJTBBJTIwJTIwJTIwJTIwcmVnaW9uJTNBJTIwJTIybmExJTIyJTJDJTBBJTIwJTIwJTIwJTIwcG9ydGFsSWQlM0ElMjAlMjI2ODU1Njc0JTIyJTJDJTBBJTIwJTIwJTIwJTIwZm9ybUlkJTNBJTIwJTIyYjZhZGFjZGQtOWQ4Ni00YWI4LWJjYjQtZWY5ZTUzMzM4ZDg2JTIyJTBBJTIwJTIwJTdEJTI5JTNCJTBBJTNDJTJGc2NyaXB0JTNF[\/vc_raw_js][\/vc_column_inner][\/vc_row_inner][\/vc_column][vc_column width=&#8221;1\/6&#8243; offset=&#8221;vc_col-lg-2&#8243;][\/vc_column][\/vc_row]<\/p>\n<\/div>","protected":false},"excerpt":{"rendered":"<p>[vc_row full_width=&#8221;stretch_row&#8221; css=&#8221;.vc_custom_1629917069344{padding-top: 100px !important;padding-bottom: 80px !important;background-image: url(https:\/\/www.manaycpa.com\/wp-content\/uploads\/2021\/02\/team-manay-1s.jpg?id=8423) !important;}&#8221;][vc_column][vc_row_inner][vc_column_inner][vc_empty_space height=&#8221;50px&#8221;][\/vc_column_inner][\/vc_row_inner][\/vc_column][\/vc_row][vc_row][vc_column width=&#8221;1\/4&#8243; offset=&#8221;vc_col-lg-1&#8243;][\/vc_column][vc_column width=&#8221;1\/4&#8243; offset=&#8221;vc_col-lg-6&#8243;][vc_empty_space height=&#8221;50px&#8221;][vc_empty_space height=&#8221;20px&#8221;][\/vc_column][vc_column width=&#8221;1\/4&#8243; offset=&#8221;vc_col-lg-4&#8243;][vc_empty_space height=&#8221;50px&#8221;][vc_single_image image=&#8221;64777&#8243; img_size=&#8221;full&#8221; style=&#8221;vc_box_shadow_border&#8221; css_animation=&#8221;fadeInLeft&#8221; css=&#8221;&#8221;][\/vc_column][vc_column width=&#8221;1\/4&#8243;][\/vc_column][\/vc_row][vc_row css=&#8221;.vc_custom_1613295464983{padding-top: 100px !important;}&#8221;][vc_column width=&#8221;1\/12&#8243; offset=&#8221;vc_col-lg-1&#8243;][\/vc_column][vc_column [&hellip;]<\/p>\n","protected":false},"author":19,"featured_media":0,"parent":9917,"menu_order":0,"comment_status":"closed","ping_status":"closed","template":"","meta":{"footnotes":""},"class_list":["post-64826","page","type-page","status-publish","hentry"],"_links":{"self":[{"href":"https:\/\/www.manaycpa.com\/tr\/wp-json\/wp\/v2\/pages\/64826","targetHints":{"allow":["GET"]}}],"collection":[{"href":"https:\/\/www.manaycpa.com\/tr\/wp-json\/wp\/v2\/pages"}],"about":[{"href":"https:\/\/www.manaycpa.com\/tr\/wp-json\/wp\/v2\/types\/page"}],"author":[{"embeddable":true,"href":"https:\/\/www.manaycpa.com\/tr\/wp-json\/wp\/v2\/users\/19"}],"replies":[{"embeddable":true,"href":"https:\/\/www.manaycpa.com\/tr\/wp-json\/wp\/v2\/comments?post=64826"}],"version-history":[{"count":1,"href":"https:\/\/www.manaycpa.com\/tr\/wp-json\/wp\/v2\/pages\/64826\/revisions"}],"predecessor-version":[{"id":64827,"href":"https:\/\/www.manaycpa.com\/tr\/wp-json\/wp\/v2\/pages\/64826\/revisions\/64827"}],"up":[{"embeddable":true,"href":"https:\/\/www.manaycpa.com\/tr\/wp-json\/wp\/v2\/pages\/9917"}],"wp:attachment":[{"href":"https:\/\/www.manaycpa.com\/tr\/wp-json\/wp\/v2\/media?parent=64826"}],"curies":[{"name":"wp","href":"https:\/\/api.w.org\/{rel}","templated":true}]}}