{"id":64843,"date":"2026-02-05T09:08:15","date_gmt":"2026-02-05T13:08:15","guid":{"rendered":"https:\/\/www.manaycpa.com\/?page_id=64843"},"modified":"2026-02-05T11:55:38","modified_gmt":"2026-02-05T15:55:38","slug":"cok-ortakli-llc-s-corp-icin-vergi-beyani","status":"publish","type":"page","link":"https:\/\/www.manaycpa.com\/tr\/webinar\/cok-ortakli-llc-s-corp-icin-vergi-beyani\/","title":{"rendered":"\u00c7ok Ortakl\u0131 LLC ve S-Corporation \u015eirketleri \u0130\u00e7in Vergi Beyan\u0131: Son G\u00fcnlerde At\u0131lacak Kritik Ad\u0131mlar"},"content":{"rendered":"<div class=\"wpb-content-wrapper\"><p>[vc_row full_width=&#8221;stretch_row&#8221; content_placement=&#8221;middle&#8221; css=&#8221;.vc_custom_1707940799286{padding-top: 40px !important;padding-bottom: 40px !important;background-color: #eeeeee !important;}&#8221; el_class=&#8221;okan_test&#8221;][vc_column width=&#8221;1\/2&#8243; offset=&#8221;vc_col-lg-6 vc_col-md-12&#8243;][vc_row_inner css=&#8221;.vc_custom_1767626344722{padding-top: 70px !important;}&#8221;][vc_column_inner css=&#8221;.vc_custom_1761233083994{padding-top: 40px !important;padding-right: 0px !important;padding-left: 0px !important;}&#8221; offset=&#8221;vc_col-lg-offset-0 vc_col-lg-12 vc_col-md-offset-1 vc_col-md-12 vc_col-sm-offset-0&#8243;][vc_single_image image=&#8221;64845&#8243; img_size=&#8221;full&#8221; alignment=&#8221;center&#8221; css_animation=&#8221;fadeIn&#8221; css=&#8221;.vc_custom_1770235734184{margin-bottom: 0px !important;}&#8221;][\/vc_column_inner][\/vc_row_inner][\/vc_column][vc_column width=&#8221;1\/2&#8243; css=&#8221;.vc_custom_1539591979391{padding-left: 0px !important;}&#8221; offset=&#8221;vc_col-lg-6 vc_col-md-12&#8243;][vc_row_inner content_placement=&#8221;middle&#8221; css=&#8221;.vc_custom_1767626265048{padding-top: 100px !important;}&#8221;][vc_column_inner width=&#8221;5\/6&#8243; css=&#8221;.vc_custom_1707938047102{padding-right: 0px !important;padding-left: 0px !important;}&#8221; offset=&#8221;vc_col-lg-offset-2 vc_col-lg-10 vc_col-md-offset-2 vc_col-md-10&#8243;]<header class=\"kd-section-title col-lg-12 text-left  kd-animated fadeIn  \" data-animation-delay=200><h2 class=\"separator_off\" >\u0130zlemek \u0130\u00e7in Formu Doldurun<\/h2><\/header>[vc_raw_js]JTNDc2NyaXB0JTIwY2hhcnNldCUzRCUyMnV0Zi04JTIyJTIwdHlwZSUzRCUyMnRleHQlMkZqYXZhc2NyaXB0JTIyJTIwc3JjJTNEJTIyJTJGJTJGanMuaHNmb3Jtcy5uZXQlMkZmb3JtcyUyRmVtYmVkJTJGdjIuanMlMjIlM0UlM0MlMkZzY3JpcHQlM0UlMEElM0NzY3JpcHQlM0UlMEElMjAlMjBoYnNwdC5mb3Jtcy5jcmVhdGUlMjglN0IlMEElMjAlMjAlMjAlMjBwb3J0YWxJZCUzQSUyMCUyMjY4NTU2NzQlMjIlMkMlMEElMjAlMjAlMjAlMjBmb3JtSWQlM0ElMjAlMjIyYmMzOGFlMy0zZDgyLTRhZDItOWExNy1iOGYwYzdjZjhiOGIlMjIlMkMlMEElMjAlMjAlMjAlMjByZWdpb24lM0ElMjAlMjJuYTElMjIlMEElMjAlMjAlN0QlMjklM0IlMEElM0MlMkZzY3JpcHQlM0U=[\/vc_raw_js][\/vc_column_inner][\/vc_row_inner][\/vc_column][\/vc_row][vc_row full_width=&#8221;stretch_row&#8221; css=&#8221;.vc_custom_1707938357558{padding-top: 40px !important;padding-bottom: 40px !important;}&#8221;][vc_column width=&#8221;1\/2&#8243; offset=&#8221;vc_col-lg-12 vc_col-md-12&#8243;][vc_row_inner css=&#8221;.vc_custom_1539591907369{margin-top: 30px !important;}&#8221;][vc_column_inner css=&#8221;.vc_custom_1707936513652{padding-right: 0px !important;padding-left: 0px !important;}&#8221; offset=&#8221;vc_col-lg-offset-0 vc_col-lg-12 vc_col-md-offset-1 vc_col-md-12 vc_col-sm-offset-0&#8243;]<header class=\"kd-section-title col-lg-12 text-left  kd-animated fadeIn  \" data-animation-delay=200><h1 class=\"separator_off\" >\u00c7ok Ortakl\u0131 LLC ve S-Corporation \u015eirketleri \u0130\u00e7in Vergi Beyan\u0131: Son G\u00fcnlerde At\u0131lacak Kritik Ad\u0131mlar<\/h1><\/header>[\/vc_column_inner][\/vc_row_inner][vc_row_inner css=&#8221;.vc_custom_1764174807017{margin-top: 10px !important;margin-right: 10px !important;margin-bottom: 35px !important;}&#8221;][vc_column_inner css=&#8221;.vc_custom_1707936191448{padding-left: 0px !important;}&#8221; offset=&#8221;vc_col-lg-offset-0 vc_col-lg-12 vc_col-md-offset-1 vc_col-md-12 vc_col-xs-12&#8243;][vc_column_text css_animation=&#8221;fadeIn&#8221; css=&#8221;&#8221;]<\/p>\n<p data-start=\"248\" data-end=\"589\">ABD\u2019de vergi beyan sezonunun sonuna yakla\u015f\u0131l\u0131rken, <strong data-start=\"299\" data-end=\"335\">\u00e7ok ortakl\u0131 LLC ve S-Corporation<\/strong> yap\u0131s\u0131ndaki \u015firketler i\u00e7in do\u011fru ve zaman\u0131nda at\u0131lacak ad\u0131mlar her zamankinden daha kritik hale geliyor. Eksik ya da hatal\u0131 haz\u0131rlanan beyannameler; gecikme cezalar\u0131, ek vergi y\u00fckleri ve ortaklar aras\u0131nda uyum sorunlar\u0131 gibi ciddi riskler do\u011furabiliyor.<\/p>\n<p data-start=\"591\" data-end=\"918\"><strong data-start=\"591\" data-end=\"656\">Manay CPA uzmanl\u0131\u011f\u0131yla d\u00fczenlenen bu \u00fccretsiz canl\u0131 webinarda<\/strong>, \u00e7ok ortakl\u0131 \u015firket yap\u0131lar\u0131 i\u00e7in vergi beyan s\u00fcrecini t\u00fcm y\u00f6nleriyle ele al\u0131yoruz. Son g\u00fcnlerde hangi kontrollerin yap\u0131lmas\u0131 gerekti\u011fini, ortak bazl\u0131 raporlamalarda dikkat edilmesi gereken noktalar\u0131 ve s\u0131k yap\u0131lan hatalar\u0131 net ve pratik \u00f6rneklerle aktar\u0131yoruz.<\/p>\n<p data-start=\"920\" data-end=\"1107\">Vergi sezonunu stressiz ve uyumlu \u015fekilde tamamlamak, son dakika s\u00fcrprizleriyle kar\u015f\u0131la\u015fmamak ve ortakl\u0131 \u015firketinizin beyan s\u00fcrecini do\u011fru y\u00f6netmek istiyorsan\u0131z, bu webinar tam size g\u00f6re.<\/p>\n<p><b><span data-contrast=\"none\">\ud83d\udcc5<\/span><\/b><b><span data-contrast=\"none\">\u00a0Tarih:<\/span><\/b><span data-contrast=\"none\"> 26 \u015eubat 2026<\/span><br \/>\n<b><span data-contrast=\"none\">\ud83d\udd51<\/span><\/b><b><span data-contrast=\"none\">\u00a0Saat:<\/span><\/b><span data-contrast=\"none\">\u00a020:00 (T\u00fcrkiye Saati) \/ 12:00 PM (EST)<\/span><span data-ccp-props=\"{}\">\u00a0<\/span><\/p>\n<p><b><span data-contrast=\"none\">\ud83c\udfa4<\/span><\/b><b><span data-contrast=\"none\">\u00a0Konu\u015fmac\u0131lar:<\/span><\/b><span data-ccp-props=\"{}\">\u00a0<\/span><\/p>\n<ul>\n<li aria-setsize=\"-1\" data-leveltext=\"\uf0b7\" data-font=\"Symbol\" data-listid=\"1\" data-list-defn-props=\"{&quot;335552541&quot;:1,&quot;335559685&quot;:720,&quot;335559991&quot;:360,&quot;469769226&quot;:&quot;Symbol&quot;,&quot;469769242&quot;:[8226],&quot;469777803&quot;:&quot;left&quot;,&quot;469777804&quot;:&quot;\uf0b7&quot;,&quot;469777815&quot;:&quot;multilevel&quot;}\" data-aria-posinset=\"1\" data-aria-level=\"1\"><b><span data-contrast=\"none\">Meltem\u00a0\u00c7erci<\/span><\/b><span data-contrast=\"none\">\u00a0\u2013Manay CPA,\u00a0K\u0131demli\u00a0Sat\u0131\u015f\u00a0Uzman\u0131<\/span><span data-ccp-props=\"{}\">\u00a0<\/span><\/li>\n<\/ul>\n<ul>\n<li aria-setsize=\"-1\" data-leveltext=\"\uf0b7\" data-font=\"Symbol\" data-listid=\"1\" data-list-defn-props=\"{&quot;335552541&quot;:1,&quot;335559685&quot;:720,&quot;335559991&quot;:360,&quot;469769226&quot;:&quot;Symbol&quot;,&quot;469769242&quot;:[8226],&quot;469777803&quot;:&quot;left&quot;,&quot;469777804&quot;:&quot;\uf0b7&quot;,&quot;469777815&quot;:&quot;multilevel&quot;}\" data-aria-posinset=\"2\" data-aria-level=\"1\">\n<p data-start=\"1202\" data-end=\"1323\"><strong data-start=\"1277\" data-end=\"1294\">G\u00fcnseli Vural<\/strong> \u2013 Manay CPA, K\u0131demli Muhasebe Uzman\u0131<\/p>\n<\/li>\n<\/ul>\n<h2><b><span data-contrast=\"none\">Webinarda\u00a0Neler\u00a0\u00d6\u011freneceksiniz?<\/span><\/b><span data-ccp-props=\"{}\">\u00a0<\/span><\/h2>\n<ul>\n<li data-start=\"1366\" data-end=\"1518\"><strong data-start=\"1366\" data-end=\"1431\">\u00c7ok Ortakl\u0131 LLC ve S-Corporation\u2019larda Vergi Beyan\u0131 Temelleri<\/strong><br data-start=\"1431\" data-end=\"1434\" \/>Bu \u015firket yap\u0131lar\u0131nda beyan s\u00fcreci nas\u0131l i\u015fler, hangi formlar kritik \u00f6neme sahiptir?<\/li>\n<li data-start=\"1520\" data-end=\"1639\"><strong data-start=\"1520\" data-end=\"1565\">Son G\u00fcnlerde Yap\u0131lmas\u0131 Gereken Kontroller<\/strong><br data-start=\"1565\" data-end=\"1568\" \/>Deadline \u00f6ncesinde g\u00f6zden ka\u00e7mamas\u0131 gereken belgeler ve kritik ad\u0131mlar.<\/li>\n<li data-start=\"1641\" data-end=\"1759\"><strong data-start=\"1641\" data-end=\"1691\">Ortak Bazl\u0131 Vergilendirme ve Da\u011f\u0131t\u0131m Detaylar\u0131<\/strong><br data-start=\"1691\" data-end=\"1694\" \/>K-1 formlar\u0131, ortak paylar\u0131 ve en s\u0131k yap\u0131lan raporlama hatalar\u0131.<\/li>\n<li data-start=\"1761\" data-end=\"1874\"><strong data-start=\"1761\" data-end=\"1806\">Yayg\u0131n Hatalar ve Cezaya Yol A\u00e7an Riskler<\/strong><br data-start=\"1806\" data-end=\"1809\" \/>\u015eirketlerin en s\u0131k kar\u015f\u0131la\u015ft\u0131\u011f\u0131 sorunlar ve nas\u0131l \u00f6nlenebilece\u011fi.<\/li>\n<li data-start=\"1876\" data-end=\"2014\"><strong data-start=\"1876\" data-end=\"1906\">Canl\u0131 Soru \u2013 Cevap Oturumu<\/strong><br data-start=\"1906\" data-end=\"1909\" \/>Manay CPA uzmanlar\u0131na, \u015firketinizin vergi beyan s\u00fcreciyle ilgili sorular\u0131n\u0131z\u0131 canl\u0131 olarak sorma f\u0131rsat\u0131.<\/li>\n<\/ul>\n<h2><b><span data-contrast=\"none\">Kimler\u00a0Kat\u0131lmal\u0131?<\/span><\/b><span data-ccp-props=\"{}\">\u00a0<\/span><\/h2>\n<ul>\n<li>ABD\u2019de \u00e7ok ortakl\u0131 LLC sahibi olan i\u015fletme sahipleri<\/li>\n<li>S-Corporation yap\u0131s\u0131nda faaliyet g\u00f6steren \u015firket ortaklar\u0131<\/li>\n<li>Vergi beyan s\u00fcrecini son g\u00fcnlere kalmadan do\u011fru y\u00f6netmek isteyenler<\/li>\n<li>ABD\u2019de \u015firketi olan ve ortakl\u0131 yap\u0131da vergi risklerini minimize etmeyi hedefleyen giri\u015fimciler<\/li>\n<\/ul>\n<p>[\/vc_column_text][\/vc_column_inner][\/vc_row_inner][\/vc_column][\/vc_row][vc_row][vc_column][\/vc_column][\/vc_row]<\/p>\n<\/div>","protected":false},"excerpt":{"rendered":"<p>[vc_row full_width=&#8221;stretch_row&#8221; content_placement=&#8221;middle&#8221; css=&#8221;.vc_custom_1707940799286{padding-top: 40px !important;padding-bottom: 40px !important;background-color: #eeeeee !important;}&#8221; el_class=&#8221;okan_test&#8221;][vc_column width=&#8221;1\/2&#8243; offset=&#8221;vc_col-lg-6 vc_col-md-12&#8243;][vc_row_inner css=&#8221;.vc_custom_1767626344722{padding-top: 70px !important;}&#8221;][vc_column_inner css=&#8221;.vc_custom_1761233083994{padding-top: 40px !important;padding-right: 0px !important;padding-left: 0px !important;}&#8221; offset=&#8221;vc_col-lg-offset-0 vc_col-lg-12 vc_col-md-offset-1 vc_col-md-12 vc_col-sm-offset-0&#8243;][vc_single_image image=&#8221;64845&#8243; [&hellip;]<\/p>\n","protected":false},"author":19,"featured_media":0,"parent":57104,"menu_order":0,"comment_status":"closed","ping_status":"closed","template":"","meta":{"footnotes":""},"class_list":["post-64843","page","type-page","status-publish","hentry"],"_links":{"self":[{"href":"https:\/\/www.manaycpa.com\/tr\/wp-json\/wp\/v2\/pages\/64843","targetHints":{"allow":["GET"]}}],"collection":[{"href":"https:\/\/www.manaycpa.com\/tr\/wp-json\/wp\/v2\/pages"}],"about":[{"href":"https:\/\/www.manaycpa.com\/tr\/wp-json\/wp\/v2\/types\/page"}],"author":[{"embeddable":true,"href":"https:\/\/www.manaycpa.com\/tr\/wp-json\/wp\/v2\/users\/19"}],"replies":[{"embeddable":true,"href":"https:\/\/www.manaycpa.com\/tr\/wp-json\/wp\/v2\/comments?post=64843"}],"version-history":[{"count":9,"href":"https:\/\/www.manaycpa.com\/tr\/wp-json\/wp\/v2\/pages\/64843\/revisions"}],"predecessor-version":[{"id":64862,"href":"https:\/\/www.manaycpa.com\/tr\/wp-json\/wp\/v2\/pages\/64843\/revisions\/64862"}],"up":[{"embeddable":true,"href":"https:\/\/www.manaycpa.com\/tr\/wp-json\/wp\/v2\/pages\/57104"}],"wp:attachment":[{"href":"https:\/\/www.manaycpa.com\/tr\/wp-json\/wp\/v2\/media?parent=64843"}],"curies":[{"name":"wp","href":"https:\/\/api.w.org\/{rel}","templated":true}]}}