{"id":65184,"date":"2026-03-09T11:50:29","date_gmt":"2026-03-09T15:50:29","guid":{"rendered":"https:\/\/www.manaycpa.com\/?page_id=65184"},"modified":"2026-03-09T12:48:22","modified_gmt":"2026-03-09T16:48:22","slug":"us-gaap-ile-bagimsiz-denetim-sureci","status":"publish","type":"page","link":"https:\/\/www.manaycpa.com\/tr\/webinar\/us-gaap-ile-bagimsiz-denetim-sureci\/","title":{"rendered":"US GAAP ile Ba\u011f\u0131ms\u0131z Denetim S\u00fcreci: Denetimin \u0130\u015fletmelere Sa\u011flad\u0131\u011f\u0131 G\u00fcven ve Finansal Faydalar"},"content":{"rendered":"<div class=\"wpb-content-wrapper\"><p>[vc_row full_width=&#8221;stretch_row&#8221; content_placement=&#8221;middle&#8221; css=&#8221;.vc_custom_1707940799286{padding-top: 40px !important;padding-bottom: 40px !important;background-color: #eeeeee !important;}&#8221; el_class=&#8221;okan_test&#8221;][vc_column width=&#8221;1\/2&#8243; offset=&#8221;vc_col-lg-6 vc_col-md-12&#8243;][vc_row_inner css=&#8221;.vc_custom_1767626344722{padding-top: 70px !important;}&#8221;][vc_column_inner css=&#8221;.vc_custom_1761233083994{padding-top: 40px !important;padding-right: 0px !important;padding-left: 0px !important;}&#8221; offset=&#8221;vc_col-lg-offset-0 vc_col-lg-12 vc_col-md-offset-1 vc_col-md-12 vc_col-sm-offset-0&#8243;][vc_single_image image=&#8221;65217&#8243; img_size=&#8221;full&#8221; alignment=&#8221;center&#8221; css_animation=&#8221;fadeIn&#8221; css=&#8221;.vc_custom_1773072053943{margin-bottom: 0px !important;}&#8221;][\/vc_column_inner][\/vc_row_inner][\/vc_column][vc_column width=&#8221;1\/2&#8243; css=&#8221;.vc_custom_1539591979391{padding-left: 0px !important;}&#8221; offset=&#8221;vc_col-lg-6 vc_col-md-12&#8243;][vc_row_inner content_placement=&#8221;middle&#8221; css=&#8221;.vc_custom_1767626265048{padding-top: 100px !important;}&#8221;][vc_column_inner width=&#8221;5\/6&#8243; css=&#8221;.vc_custom_1707938047102{padding-right: 0px !important;padding-left: 0px !important;}&#8221; offset=&#8221;vc_col-lg-offset-2 vc_col-lg-10 vc_col-md-offset-2 vc_col-md-10&#8243;]<header class=\"kd-section-title col-lg-12 text-left  kd-animated fadeIn  \" data-animation-delay=200><h2 class=\"separator_off\" >\u0130zlemek \u0130\u00e7in Formu Doldurun<\/h2><\/header>[vc_raw_js]JTNDc2NyaXB0JTIwY2hhcnNldCUzRCUyMnV0Zi04JTIyJTIwdHlwZSUzRCUyMnRleHQlMkZqYXZhc2NyaXB0JTIyJTIwc3JjJTNEJTIyJTJGJTJGanMuaHNmb3Jtcy5uZXQlMkZmb3JtcyUyRmVtYmVkJTJGdjIuanMlMjIlM0UlM0MlMkZzY3JpcHQlM0UlMEElM0NzY3JpcHQlM0UlMEElMjAlMjBoYnNwdC5mb3Jtcy5jcmVhdGUlMjglN0IlMEElMjAlMjAlMjAlMjBwb3J0YWxJZCUzQSUyMCUyMjY4NTU2NzQlMjIlMkMlMEElMjAlMjAlMjAlMjBmb3JtSWQlM0ElMjAlMjIyMjc3NzRjZi03OTVjLTRkMjYtYWJjMC1hYzM4ZTUyYjI5OTglMjIlMkMlMEElMjAlMjAlMjAlMjByZWdpb24lM0ElMjAlMjJuYTElMjIlMEElMjAlMjAlN0QlMjklM0IlMEElM0MlMkZzY3JpcHQlM0U=[\/vc_raw_js][\/vc_column_inner][\/vc_row_inner][\/vc_column][\/vc_row][vc_row full_width=&#8221;stretch_row&#8221; css=&#8221;.vc_custom_1707938357558{padding-top: 40px !important;padding-bottom: 40px !important;}&#8221;][vc_column width=&#8221;1\/2&#8243; offset=&#8221;vc_col-lg-12 vc_col-md-12&#8243;][vc_row_inner css=&#8221;.vc_custom_1539591907369{margin-top: 30px !important;}&#8221;][vc_column_inner css=&#8221;.vc_custom_1707936513652{padding-right: 0px !important;padding-left: 0px !important;}&#8221; offset=&#8221;vc_col-lg-offset-0 vc_col-lg-12 vc_col-md-offset-1 vc_col-md-12 vc_col-sm-offset-0&#8243;]<header class=\"kd-section-title col-lg-12 text-left  kd-animated fadeIn  \" data-animation-delay=200><h1 class=\"separator_off\" >US GAAP ile Ba\u011f\u0131ms\u0131z Denetim S\u00fcreci: Denetimin \u0130\u015fletmelere Sa\u011flad\u0131\u011f\u0131 G\u00fcven ve Finansal Faydalar<\/h1><\/header>[\/vc_column_inner][\/vc_row_inner][vc_row_inner css=&#8221;.vc_custom_1764174807017{margin-top: 10px !important;margin-right: 10px !important;margin-bottom: 35px !important;}&#8221;][vc_column_inner css=&#8221;.vc_custom_1707936191448{padding-left: 0px !important;}&#8221; offset=&#8221;vc_col-lg-offset-0 vc_col-lg-12 vc_col-md-offset-1 vc_col-md-12 vc_col-xs-12&#8243;][vc_column_text css_animation=&#8221;fadeIn&#8221; css=&#8221;&#8221;]<span style=\"font-weight: 400;\">Amerika\u2019da faaliyet g\u00f6steren veya Amerika pazar\u0131na a\u00e7\u0131lmay\u0131 hedefleyen i\u015fletmeler i\u00e7in <\/span><b>U.S. GAAP standartlar\u0131na uygun finansal raporlama ve ba\u011f\u0131ms\u0131z denetim s\u00fcreci<\/b><span style=\"font-weight: 400;\">, yaln\u0131zca yasal bir gereklilik de\u011fil; ayn\u0131 zamanda yat\u0131r\u0131mc\u0131 g\u00fcveni, finansal \u015feffafl\u0131k ve s\u00fcrd\u00fcr\u00fclebilir b\u00fcy\u00fcme a\u00e7\u0131s\u0131ndan kritik bir yap\u0131 ta\u015f\u0131d\u0131r. Denetim s\u00fcre\u00e7lerinin eksik veya hatal\u0131 y\u00fcr\u00fct\u00fclmesi, finansal risklerin artmas\u0131na, yat\u0131r\u0131mc\u0131 nezdinde g\u00fcven kayb\u0131na ve stratejik karar alma s\u00fcre\u00e7lerinin zay\u0131flamas\u0131na yol a\u00e7abilmektedir.<\/span><\/p>\n<p><span style=\"font-weight: 400;\">Bu kapsamda <\/span><b>Manay CPA<\/b><span style=\"font-weight: 400;\"> taraf\u0131ndan d\u00fczenlenecek webinar\u0131m\u0131zda,\u00a0 <\/span><b>\u201cU.S. GAAP ile Ba\u011f\u0131ms\u0131z Denetim S\u00fcreci: Denetimin \u0130\u015fletmelere Sa\u011flad\u0131\u011f\u0131 G\u00fcven ve Finansal Faydalar\u201d<\/b><span style=\"font-weight: 400;\"> ba\u015fl\u0131\u011f\u0131 alt\u0131nda; U.S. GAAP \u00e7er\u00e7evesinde ba\u011f\u0131ms\u0131z denetimin temel a\u015famalar\u0131n\u0131, denetimin i\u015fletmeler i\u00e7in sa\u011flad\u0131\u011f\u0131 finansal ve operasyonel katk\u0131lar\u0131, yat\u0131r\u0131mc\u0131 ve payda\u015f beklentileri a\u00e7\u0131s\u0131ndan denetimin rol\u00fcn\u00fc ve iyi yap\u0131land\u0131r\u0131lm\u0131\u015f bir denetim s\u00fcrecinin \u015firketlere uzun vadede nas\u0131l de\u011fer katt\u0131\u011f\u0131n\u0131 ele alaca\u011f\u0131z.<\/span><\/p>\n<p><span style=\"font-weight: 400;\">Amerika\u2019da faaliyet g\u00f6steren, yat\u0131r\u0131m almaya haz\u0131rlanan veya finansal yap\u0131s\u0131n\u0131 g\u00fc\u00e7lendirmek isteyen i\u015fletmeler i\u00e7in rehber niteli\u011finde olacak bu webinar, denetimi yaln\u0131zca bir zorunluluk de\u011fil, <\/span><b>stratejik bir avantaj<\/b><span style=\"font-weight: 400;\"> olarak konumland\u0131rmay\u0131 ama\u00e7lamaktad\u0131r.<\/span><\/p>\n<p class=\"font-claude-response-body break-words whitespace-normal leading-[1.7]\">\ud83d\udcc5 Tarih: 26 Mart 2026 \ud83d\udd51 Saat: 20:00 (T\u00fcrkiye Saati) \/ 13:00 AM (EST)<\/p>\n<p class=\"font-claude-response-body break-words whitespace-normal leading-[1.7]\">\ud83c\udfa4 Konu\u015fmac\u0131:<\/p>\n<ul class=\"[li_&amp;]:mb-0 [li_&amp;]:mt-1 [li_&amp;]:gap-1 [&amp;:not(:last-child)_ul]:pb-1 [&amp;:not(:last-child)_ol]:pb-1 list-disc flex flex-col gap-1 pl-8 mb-3\">\n<li class=\"whitespace-normal break-words pl-2\">Beg\u00fcm Y\u00f6r\u00fcr \u2013 Accounting Manager<\/li>\n<\/ul>\n<h2><b>Webinar\u2019da Neler \u00d6\u011freneceksiniz?<\/b><\/h2>\n<p><span style=\"font-weight: 400;\">\ud83d\udcca <\/span><b>U.S. GAAP\u2019e Uyumlu Finansal Raporlama Temelleri<\/b><b><br \/>\n<\/b><span style=\"font-weight: 400;\"> U.S. GAAP standartlar\u0131n\u0131n temel prensiplerini, finansal tablolar\u0131n nas\u0131l haz\u0131rlanmas\u0131 gerekti\u011fini ve i\u015fletmelerin bu standartlara uyum s\u00fcrecinde dikkat etmesi gereken kritik noktalar\u0131 ele alaca\u011f\u0131z.<\/span><\/p>\n<p><span style=\"font-weight: 400;\">\ud83d\udd0d <\/span><b>Ba\u011f\u0131ms\u0131z Denetim S\u00fcreci Nas\u0131l \u0130lerler?<\/b><b><br \/>\n<\/b><span style=\"font-weight: 400;\"> Ba\u011f\u0131ms\u0131z denetimin planlama, saha \u00e7al\u0131\u015fmas\u0131, raporlama ve kapan\u0131\u015f a\u015famalar\u0131n\u0131; denetim s\u00fcrecinde i\u015fletmelerden beklenen bilgi ve belgelerle birlikte aktaraca\u011f\u0131z.<\/span><\/p>\n<p><span style=\"font-weight: 400;\">\ud83d\udcbc <\/span><b>Denetimin \u0130\u015fletmelere Sa\u011flad\u0131\u011f\u0131 G\u00fcven ve Finansal Faydalar<\/b><b><br \/>\n<\/b><span style=\"font-weight: 400;\"> Ba\u011f\u0131ms\u0131z denetimin yaln\u0131zca bir uyum gereklili\u011fi de\u011fil; finansal \u015feffafl\u0131k, i\u00e7 kontrol yap\u0131s\u0131n\u0131n g\u00fc\u00e7lendirilmesi ve sa\u011fl\u0131kl\u0131 karar alma s\u00fcre\u00e7lerine nas\u0131l katk\u0131 sa\u011flad\u0131\u011f\u0131n\u0131 payla\u015faca\u011f\u0131z.<\/span><\/p>\n<p><span style=\"font-weight: 400;\">\ud83e\udd1d <\/span><b>Yat\u0131r\u0131mc\u0131 ve Payda\u015f Beklentileri: Denetimin Rol\u00fc<\/b><b><br \/>\n<\/b><span style=\"font-weight: 400;\"> Yat\u0131r\u0131mc\u0131lar\u0131n ve finansal payda\u015flar\u0131n denetlenmi\u015f finansal tablolardan beklentilerini, denetimin \u015firket de\u011ferlemesi ve kurumsal g\u00fcven \u00fczerindeki etkisini ele alaca\u011f\u0131z.<\/span><\/p>\n<p><span style=\"font-weight: 400;\">\u26a0\ufe0f <\/span><b>S\u0131k Kar\u015f\u0131la\u015f\u0131lan Hatalar ve Denetim Riskleri<\/b><b><br \/>\n<\/b><span style=\"font-weight: 400;\"> Denetim s\u00fcre\u00e7lerinde i\u015fletmelerin s\u0131kl\u0131kla kar\u015f\u0131la\u015ft\u0131\u011f\u0131 hatalar\u0131, denetim bulgular\u0131na yol a\u00e7an riskli alanlar\u0131 ve bu risklerin nas\u0131l y\u00f6netilebilece\u011fini \u00f6rneklerle a\u00e7\u0131klayaca\u011f\u0131z.<\/span><\/p>\n<h2><b>Kimler Kat\u0131lmal\u0131?<\/b><\/h2>\n<p><span style=\"font-weight: 400;\">Bu webinar, Amerika\u2019da faaliyet g\u00f6steren veya Amerika pazar\u0131na a\u00e7\u0131lmay\u0131 planlayan i\u015fletmeler i\u00e7in, <\/span><b>U.S. GAAP standartlar\u0131na uygun finansal raporlama ve ba\u011f\u0131ms\u0131z denetim s\u00fcre\u00e7lerini do\u011fru ve stratejik \u015fekilde y\u00f6netmek<\/b><span style=\"font-weight: 400;\"> isteyen profesyoneller ve \u015firket sahipleri i\u00e7in \u00f6zel olarak tasarlanm\u0131\u015ft\u0131r.<\/span><\/p>\n<p><span style=\"font-weight: 400;\">\u00d6zellikle ba\u011f\u0131ms\u0131z denetimi yaln\u0131zca bir yasal zorunluluk olarak de\u011fil, <\/span><b>finansal \u015feffafl\u0131k, yat\u0131r\u0131mc\u0131 g\u00fcveni ve s\u00fcrd\u00fcr\u00fclebilir b\u00fcy\u00fcme<\/b><span style=\"font-weight: 400;\"> i\u00e7in stratejik bir ara\u00e7 olarak konumland\u0131rmak isteyen herkes i\u00e7in yol g\u00f6sterici bir oturum sizleri bekliyor.<\/span><\/p>\n<ul>\n<li><span style=\"font-weight: 400;\">\u2705 Amerika\u2019da faaliyet g\u00f6steren veya Amerika\u2019ya a\u00e7\u0131lmay\u0131 planlayan \u015firket sahipleri ve kurucu ortaklar<\/span><\/li>\n<li><span style=\"font-weight: 400;\">\u2705 U.S. GAAP standartlar\u0131na uygun finansal raporlama s\u00fcrecini yap\u0131land\u0131rmak isteyen i\u015fletmeler<\/span><\/li>\n<li><span style=\"font-weight: 400;\">\u2705 Ba\u011f\u0131ms\u0131z denetim s\u00fcrecine girmeye haz\u0131rlanan veya mevcut denetim s\u00fcre\u00e7lerini iyile\u015ftirmek isteyen \u015firket y\u00f6neticileri<\/span><\/li>\n<li><span style=\"font-weight: 400;\">\u2705 Yat\u0131r\u0131m almaya haz\u0131rlanan, yat\u0131r\u0131mc\u0131 g\u00f6r\u00fc\u015fmelerine ba\u015flayan veya denetlenmi\u015f finansal tablolar sunmas\u0131 gereken i\u015fletmeler<\/span><\/li>\n<li><span style=\"font-weight: 400;\">\u2705 Finans, muhasebe ve denetim s\u00fcre\u00e7lerinde riskleri minimize ederek kurumsal yap\u0131s\u0131n\u0131 g\u00fc\u00e7lendirmek isteyen y\u00f6neticiler ve finans ekipleri<\/span><\/li>\n<\/ul>\n<p><span style=\"font-weight: 400;\">Amerika operasyonlar\u0131n\u0131z\u0131 <\/span><b>g\u00fcvenilir, \u015feffaf ve yat\u0131r\u0131mc\u0131ya haz\u0131r<\/b><span style=\"font-weight: 400;\"> bir finansal yap\u0131 ile y\u00f6netmek i\u00e7in bu f\u0131rsat\u0131 ka\u00e7\u0131rmay\u0131n.<\/span>[\/vc_column_text][\/vc_column_inner][\/vc_row_inner][\/vc_column][\/vc_row][vc_row][vc_column][\/vc_column][\/vc_row]<\/p>\n<\/div>","protected":false},"excerpt":{"rendered":"<p>[vc_row full_width=&#8221;stretch_row&#8221; content_placement=&#8221;middle&#8221; css=&#8221;.vc_custom_1707940799286{padding-top: 40px !important;padding-bottom: 40px !important;background-color: #eeeeee !important;}&#8221; el_class=&#8221;okan_test&#8221;][vc_column width=&#8221;1\/2&#8243; offset=&#8221;vc_col-lg-6 vc_col-md-12&#8243;][vc_row_inner css=&#8221;.vc_custom_1767626344722{padding-top: 70px !important;}&#8221;][vc_column_inner css=&#8221;.vc_custom_1761233083994{padding-top: 40px !important;padding-right: 0px !important;padding-left: 0px !important;}&#8221; offset=&#8221;vc_col-lg-offset-0 vc_col-lg-12 vc_col-md-offset-1 vc_col-md-12 vc_col-sm-offset-0&#8243;][vc_single_image image=&#8221;65217&#8243; [&hellip;]<\/p>\n","protected":false},"author":19,"featured_media":0,"parent":57104,"menu_order":0,"comment_status":"closed","ping_status":"closed","template":"","meta":{"footnotes":""},"class_list":["post-65184","page","type-page","status-publish","hentry"],"_links":{"self":[{"href":"https:\/\/www.manaycpa.com\/tr\/wp-json\/wp\/v2\/pages\/65184","targetHints":{"allow":["GET"]}}],"collection":[{"href":"https:\/\/www.manaycpa.com\/tr\/wp-json\/wp\/v2\/pages"}],"about":[{"href":"https:\/\/www.manaycpa.com\/tr\/wp-json\/wp\/v2\/types\/page"}],"author":[{"embeddable":true,"href":"https:\/\/www.manaycpa.com\/tr\/wp-json\/wp\/v2\/users\/19"}],"replies":[{"embeddable":true,"href":"https:\/\/www.manaycpa.com\/tr\/wp-json\/wp\/v2\/comments?post=65184"}],"version-history":[{"count":7,"href":"https:\/\/www.manaycpa.com\/tr\/wp-json\/wp\/v2\/pages\/65184\/revisions"}],"predecessor-version":[{"id":65215,"href":"https:\/\/www.manaycpa.com\/tr\/wp-json\/wp\/v2\/pages\/65184\/revisions\/65215"}],"up":[{"embeddable":true,"href":"https:\/\/www.manaycpa.com\/tr\/wp-json\/wp\/v2\/pages\/57104"}],"wp:attachment":[{"href":"https:\/\/www.manaycpa.com\/tr\/wp-json\/wp\/v2\/media?parent=65184"}],"curies":[{"name":"wp","href":"https:\/\/api.w.org\/{rel}","templated":true}]}}