{"id":9906,"date":"2018-10-22T13:49:40","date_gmt":"2018-10-22T13:49:40","guid":{"rendered":"https:\/\/www.manaycpa.com\/about-us\/"},"modified":"2023-04-05T21:16:06","modified_gmt":"2023-04-05T21:16:06","slug":"manaycpa-hakkinda","status":"publish","type":"page","link":"https:\/\/www.manaycpa.com\/tr\/hakkimizda\/manaycpa-hakkinda\/","title":{"rendered":"ManayCPA Hakk\u0131nda"},"content":{"rendered":"<div class=\"wpb-content-wrapper\"><p>[vc_row full_width=&#8221;stretch_row&#8221; css=&#8221;.vc_custom_1622901967389{padding-top: 280px !important;padding-bottom: 150px !important;background-image: url(https:\/\/www.manaycpa.com\/wp-content\/uploads\/2021\/05\/Frame-42.png?id=11787) !important;background-position: center !important;background-repeat: no-repeat !important;background-size: cover !important;}&#8221;][vc_column][vc_row_inner css=&#8221;.vc_custom_1513001355456{margin-bottom: 20px !important;}&#8221;][vc_column_inner width=&#8221;1\/4&#8243;][\/vc_column_inner][vc_column_inner width=&#8221;1\/2&#8243; css=&#8221;.vc_custom_1515501905560{padding-right: 0px !important;padding-left: 0px !important;}&#8221;]<div class=\"video-container play-button-center\" ><a data-toggle=\"modal\" data-target=\"#video-modal-kd-video-modal-69f138c718f40\" data-src=\"https:\/\/www.youtube.com\/embed\/JiAq21_4iOU\" data-backdrop=\"true\" class=\"\"><span class=\"play-video\"><span class=\"fas fa-play\"><\/span><\/span><\/a><\/div><div class=\"modal fade video-modal\" id=\"video-modal-kd-video-modal-69f138c718f40\" role=\"dialog\">\n                            <div class=\"modal-content\">\n                            <button type=\"button\" class=\"close\" data-dismiss=\"modal\">\u00d7<\/button>\n                            <div class=\"row\"><iframe width=\"1024\" height=\"576\" allow=\"accelerometer; autoplay; encrypted-media; gyroscope; picture-in-picture\" allowfullscreen><\/iframe><\/div>\n                            <\/div>\n                        <\/div>[vc_empty_space height=&#8221;50&#8243;][vc_custom_heading text=&#8221;Manay CPA Inc. Hakk\u0131nda&#8221; font_container=&#8221;tag:h1|font_size:42px|text_align:center|color:%23ffffff&#8221; use_theme_fonts=&#8221;yes&#8221; css_animation=&#8221;fadeIn&#8221; css=&#8221;.vc_custom_1616788456082{margin-bottom: 10px !important;}&#8221;][vc_custom_heading text=&#8221;Yerel ve uluslararas\u0131 d\u00fczeyde, insanlar\u0131n hayatlar\u0131nda olumlu bir fark yaratma vizyonuyla ilerliyoruz.&#8221; font_container=&#8221;tag:p|font_size:18px|text_align:center|color:%23ffffff&#8221; use_theme_fonts=&#8221;yes&#8221; css_animation=&#8221;fadeIn&#8221; css=&#8221;.vc_custom_1616788534028{margin-bottom: 50px !important;}&#8221;][vc_empty_space height=&#8221;50&#8243;][vc_raw_js]JTNDc2NyaXB0JTIwY2hhcnNldCUzRCUyMnV0Zi04JTIyJTIwdHlwZSUzRCUyMnRleHQlMkZqYXZhc2NyaXB0JTIyJTIwc3JjJTNEJTIyJTJGJTJGanMuaHNmb3Jtcy5uZXQlMkZmb3JtcyUyRnYyLmpzJTIyJTNFJTNDJTJGc2NyaXB0JTNFJTBBJTNDc2NyaXB0JTNFJTBBJTIwJTIwaGJzcHQuZm9ybXMuY3JlYXRlJTI4JTdCJTBBJTIwJTIwJTIwJTIwcmVnaW9uJTNBJTIwJTIybmExJTIyJTJDJTBBJTIwJTIwJTIwJTIwcG9ydGFsSWQlM0ElMjAlMjI2ODU1Njc0JTIyJTJDJTBBJTIwJTIwJTIwJTIwZm9ybUlkJTNBJTIwJTIyYjZhZGFjZGQtOWQ4Ni00YWI4LWJjYjQtZWY5ZTUzMzM4ZDg2JTIyJTBBJTIwJTIwJTdEJTI5JTNCJTBBJTNDJTJGc2NyaXB0JTNF[\/vc_raw_js][\/vc_column_inner][vc_column_inner width=&#8221;1\/4&#8243;][\/vc_column_inner][\/vc_row_inner][\/vc_column][\/vc_row][vc_row full_width=&#8221;stretch_row&#8221;][vc_column][vc_row_inner css=&#8221;.vc_custom_1613849065177{padding-top: 100px !important;padding-right: 100px !important;padding-bottom: 30px !important;padding-left: 100px !important;}&#8221;][vc_column_inner width=&#8221;1\/2&#8243; css=&#8221;.vc_custom_1541584818078{padding-right: 20px !important;}&#8221;]<header class=\"kd-section-title col-lg-12 text-left  kd-animated fadeIn   vc_custom_1617133753710\" data-animation-delay=200><h2 class=\"separator_off\" >Tam Kapsaml\u0131 CPA Servisi<\/h2><h6 class=\"subtitle \" >Manay CPA Inc., 2001 y\u0131l\u0131ndan beri uluslararas\u0131 alanda faaliyet g\u00f6steren, T\u00fcrk \u0130\u015fletmeleri i\u00e7in \u00e7e\u015fitli alanlarda hizmet veren Amerika Birle\u015fik Devletleri merkezli Yeminli Mali M\u00fc\u015favirlik B\u00fcrosudur.<\/h6><\/header>[vc_empty_space height=&#8221;20px&#8221;][vc_single_image image=&#8221;50907&#8243; img_size=&#8221;500&#215;500&#8243; alignment=&#8221;center&#8221; css_animation=&#8221;fadeIn&#8221; css=&#8221;.vc_custom_1678213069740{padding-right: 20px !important;}&#8221;][\/vc_column_inner][vc_column_inner width=&#8221;1\/2&#8243; css=&#8221;.vc_custom_1613848989217{padding-left: 20px !important;}&#8221;][vc_single_image image=&#8221;51086&#8243; img_size=&#8221;500&#215;500&#8243; alignment=&#8221;center&#8221; css_animation=&#8221;fadeIn&#8221; css=&#8221;.vc_custom_1678213037313{padding-left: 20px !important;}&#8221;][vc_empty_space height=&#8221;40px&#8221;]<header class=\"kd-section-title col-lg-12 text-left  kd-animated fadeIn   vc_custom_1629905317165\" data-animation-delay=200><h2 class=\"separator_off\" >50 Eyalette Hizmet<\/h2><h6 class=\"subtitle \" >Manay CPA Inc. olarak, Certified Public Accountant (Yeminli Mali Mu\u015favirlik) belgeli bir kurum olup, t\u00fcm Amerikan eyaletlerinde hizmet verme yetkisine sahiptir.<\/h6><\/header>[\/vc_column_inner][\/vc_row_inner][\/vc_column][\/vc_row][vc_row full_width=&#8221;stretch_row&#8221; css=&#8221;.vc_custom_1616835319944{padding-top: 50px !important;}&#8221;][vc_column css=&#8221;.vc_custom_1617133820884{padding-top: 50px !important;}&#8221;][vc_row_inner][vc_column_inner width=&#8221;1\/6&#8243; offset=&#8221;vc_hidden-xs&#8221;][\/vc_column_inner][vc_column_inner width=&#8221;2\/3&#8243;]<header class=\"kd-section-title col-lg-12 text-center  kd-animated fadeIn txtleft \" data-animation-delay=200><h2 class=\"separator_off\" style=\"font-size: 34px! important;\">Profesyonel ve Deneyimli Bir Ekip<\/h2><h6 class=\"subtitle \" >Start-up dan\u0131\u015fmanl\u0131\u011f\u0131, i\u015f stratejisi olu\u015fturma, finans, emeklilik ve vergi planlamas\u0131; yat\u0131r\u0131mc\u0131lar i\u00e7in mali tablolar ve i\u015f de\u011ferlemesinde profesyonellerden olu\u015fan bir ekip ile \u00e7al\u0131\u015f\u0131yoruz.<\/h6><\/header>[vc_empty_space height=&#8221;15px&#8221;][\/vc_column_inner][vc_column_inner width=&#8221;1\/6&#8243; offset=&#8221;vc_hidden-xs&#8221;][\/vc_column_inner][\/vc_row_inner][vc_row_inner css=&#8221;.vc_custom_1631629659188{padding-top: 30px !important;padding-bottom: 100px !important;}&#8221; el_class=&#8221;twinbutton&#8221;][vc_column_inner width=&#8221;1\/4&#8243; offset=&#8221;vc_col-lg-2&#8243;][\/vc_column_inner][vc_column_inner el_class=&#8221;buttonarea&#8221; width=&#8221;1\/4&#8243; offset=&#8221;vc_col-lg-4 vc_col-xs-6&#8243;]<a  href=\"https:\/\/www.manaycpa.com\/tr\/iletisim\/\"  target=\"_self\"  title=\"Contact us\" class=\"tt_button tt_secondary_button btn_primary_color hover_solid_primary pull-right button-action-link  kd-animated zoomIn add-margin-left\" data-animation-delay=200><span class=\"prim_text\">Bize Ula\u015f<\/span><\/a>[\/vc_column_inner][vc_column_inner el_class=&#8221;buttonarea&#8221; width=&#8221;1\/4&#8243;]<a  href=\"https:\/\/www.manaycpa.com\/tr\/ucretsiz-danismanlik\/\"  target=\"_self\"  title=\"\u00dcCRETS\u0130Z DANI\u015eMANLIK\" class=\"tt_button tt_primary_button btn_primary_color  button-center button-action-link  kd-animated zoomIn add-margin-right\" data-animation-delay=200><span class=\"prim_text\">\u00dccretsiz Dan\u0131\u015fmanl\u0131k<\/span><\/a>[\/vc_column_inner][vc_column_inner width=&#8221;1\/4&#8243;][\/vc_column_inner][\/vc_row_inner][\/vc_column][\/vc_row][vc_row css=&#8221;.vc_custom_1513766984124{padding-top: 100px !important;padding-bottom: 100px !important;}&#8221;][vc_column width=&#8221;1\/2&#8243; offset=&#8221;vc_col-lg-6 vc_col-md-12&#8243;]<div class=\"video-container play-button-center\" ><img decoding=\"async\" width=\"700\" height=\"700\" src=\"https:\/\/www.manaycpa.com\/wp-content\/uploads\/2023\/02\/Untitled-design-2023-02-19T120755.044.png\" class=\"attachment-full\" alt=\"manaycpa-about-us\" title=\"Untitled design - 2023-02-19T120755.044\" srcset=\"https:\/\/www.manaycpa.com\/wp-content\/uploads\/2023\/02\/Untitled-design-2023-02-19T120755.044.png 700w, https:\/\/www.manaycpa.com\/wp-content\/uploads\/2023\/02\/Untitled-design-2023-02-19T120755.044-300x300.png 300w, https:\/\/www.manaycpa.com\/wp-content\/uploads\/2023\/02\/Untitled-design-2023-02-19T120755.044-150x150.png 150w, https:\/\/www.manaycpa.com\/wp-content\/uploads\/2023\/02\/Untitled-design-2023-02-19T120755.044-320x320.png 320w\" sizes=\"(max-width: 700px) 100vw, 700px\" \/><a data-toggle=\"modal\" data-target=\"#video-modal-kd-video-modal-69f138c719698\" data-src=\"https:\/\/www.youtube.com\/embed\/Bix1xnI77sc\" data-backdrop=\"true\" class=\"\"><span class=\"play-video\"><span class=\"fas fa-play\"><\/span><\/span><\/a><\/div><div class=\"modal fade video-modal\" id=\"video-modal-kd-video-modal-69f138c719698\" role=\"dialog\">\n                            <div class=\"modal-content\">\n                            <button type=\"button\" class=\"close\" data-dismiss=\"modal\">\u00d7<\/button>\n                            <div class=\"row\"><iframe width=\"1024\" height=\"576\" allow=\"accelerometer; autoplay; encrypted-media; gyroscope; picture-in-picture\" allowfullscreen><\/iframe><\/div>\n                            <\/div>\n                        <\/div>[\/vc_column][vc_column width=&#8221;1\/2&#8243; css=&#8221;.vc_custom_1539615221909{padding-left: 100px !important;}&#8221; offset=&#8221;vc_col-lg-6 vc_col-md-12&#8243;][vc_row_inner][vc_column_inner css=&#8221;.vc_custom_1541584982989{padding-right: 0px !important;padding-left: 0px !important;}&#8221;]<header class=\"kd-section-title col-lg-12 text-left  kd-animated fadeIn   vc_custom_1616835402821\" data-animation-delay=200><h2 class=\"separator_off\" style=\"font-size: 24px !important;\">Manay CPA Inc., Atlanta\u2019n\u0131n en geli\u015fmi\u015f 25 k\u00fc\u00e7\u00fck i\u015fletmesinden biri se\u00e7ildi<\/h2><\/header>[\/vc_column_inner][\/vc_row_inner][vc_row_inner css=&#8221;.vc_custom_1516105460884{padding-top: 20px !important;}&#8221;][vc_column_inner width=&#8221;1\/2&#8243; css=&#8221;.vc_custom_1513764336004{padding-left: 0px !important;}&#8221;]<div class=\"kd_counter icon-top large-counter count_left \" ><div class=\"kd_counter_content\"><h4 class=\"kd_counter_number\"><span class=\"kd_number_string\"  data-from=\"0\" data-to=\"20\" data-refresh-interval=\"50\" >0<\/span>\n                                  <span class=\"kd_counter_units\" >+<\/span><\/h4><div class=\"kd_counter_text\" ><\/div><\/div><\/div><div class=\"key-icon-box icon-default  cont-left ib-no-effect  kd-animated fadeIn\" style=\"background-color: transparent;\" data-animation-delay=200><h6 class=\"service-heading\" >Y\u0131ll\u0131k Deneyim<\/h6><p >\u0130htiya\u00e7lar\u0131n\u0131z\u0131 anlayabilecek deneyime sahibiz.<\/p><\/div>[\/vc_column_inner][vc_column_inner width=&#8221;1\/2&#8243; css=&#8221;.vc_custom_1513764340691{padding-left: 0px !important;}&#8221;]<div class=\"kd_counter icon-top large-counter count_left \" ><div class=\"kd_counter_content\"><h4 class=\"kd_counter_number\"><span class=\"kd_number_string\"  data-from=\"0\" data-to=\"5000\" data-refresh-interval=\"50\" >0<\/span>\n                                  <span class=\"kd_counter_units\" >+<\/span><\/h4><div class=\"kd_counter_text\" ><\/div><\/div><\/div><div class=\"key-icon-box icon-default  cont-left ib-no-effect  kd-animated fadeIn\" style=\"background-color: transparent;\" data-animation-delay=200><h6 class=\"service-heading\" >Mutlu M\u00fc\u015fteri<\/h6><p >M\u00fc\u015fterilerimize ba\u015far\u0131ya giden yolda e\u015flik ettik.<\/p><\/div>[\/vc_column_inner][\/vc_row_inner][\/vc_column][\/vc_row][vc_row full_width=&#8221;stretch_row&#8221; css=&#8221;.vc_custom_1676154117315{padding-top: 50px !important;}&#8221;][vc_column css=&#8221;.vc_custom_1516029502203{padding-right: 0px !important;padding-left: 0px !important;}&#8221;][vc_empty_space height=&#8221;50px&#8221;][vc_row_inner][vc_column_inner]<header class=\"kd-section-title vc_col-lg-6 vc_col-sm-8 text-center  kd-animated fadeIn   vc_custom_1630504193502\" data-animation-delay=200><h2 class=\"separator_off\" style=\"font-size: 37px !important;line-height: 44px !important;\">M\u00fc\u015fterilerimiz Ne D\u00fc\u015f\u00fcn\u00fcyor<\/h2><h6 class=\"subtitle \" >\u015eirketimizin ba\u015far\u0131s\u0131n\u0131n, dan\u0131\u015fanlar\u0131m\u0131z\u0131n ba\u015far\u0131l\u0131 olmas\u0131ndan ge\u00e7ti\u011fine inan\u0131yoruz. Sizin ve \u015firketinizin ihtiya\u00e7lar\u0131n\u0131 anl\u0131yoruz.<\/h6><\/header>[\/vc_column_inner][\/vc_row_inner][vc_row_inner css=&#8221;.vc_custom_1676153671949{padding-bottom: 50px !important;}&#8221;][vc_column_inner css=&#8221;.vc_custom_1516029043443{padding-right: 0px !important;padding-left: 0px !important;}&#8221;]<div class=\"slider testimonials black-navigation kd-testimonial-69f138c719a7b  without-image\" ><div class=\"tt-content \">\n              <div class=\"tt-content-inner\">\n                <div class=\"tt-container\" style=\" \">\n                    <h6 style=\" \"\">''Manay CPA, i\u015f d\u00fcnyas\u0131n\u0131n h\u0131zla de\u011fi\u015fti\u011fi bu d\u00f6nemde, stratejik i\u015f planlamas\u0131nda i\u015fletmeme paha bi\u00e7ilmez yard\u0131mlar sa\u011fl\u0131yor.''<\/h6>\n                    <span class=\"author\" >Celal Uslu<\/span>\n                    <span class=\"content\" >Uslu LLC, Owner<\/span>\n                <\/div>\n                <div class=\"tt-image\"><\/div>\n                <\/div>\n            <\/div><div class=\"tt-content \">\n              <div class=\"tt-content-inner\">\n                <div class=\"tt-container\" style=\" \">\n                    <h6 style=\" \"\">''\u015eirketim hen\u00fcz tam olarak kurulmadan \u00f6nce Manay CPA, PPP'nin C Program\u0131yla sat\u0131n al\u0131ma f\u0131rsat\u0131ndan yararlanabilece\u011fimi s\u00f6yledi. \u015eimdi ikinci PPP uygulamas\u0131n\u0131n yap\u0131yorum. Te\u015fekk\u00fcrler Manay CPA.''<\/h6>\n                    <span class=\"author\" >Musa Filazioglu<\/span>\n                    <span class=\"content\" >Contractor<\/span>\n                <\/div>\n                <div class=\"tt-image\"><\/div>\n                <\/div>\n            <\/div><div class=\"tt-content \">\n              <div class=\"tt-content-inner\">\n                <div class=\"tt-container\" style=\" \">\n                    <h6 style=\" \"\">''T\u00fcrkiyede ya\u015fay\u0131p Amerika'daki \u015firketleri i\u00e7in muhasebe destegi arayanlara g\u00fcvenle \u00f6neririm. \u00c7ok yard\u0131mc\u0131lar ve olduk\u00e7a h\u0131zl\u0131lar. \u00d6zellikle Bur\u00e7in Han\u0131ma ayr\u0131ca te\u015fekk\u00fcrlerimi sunar\u0131m.''<\/h6>\n                    <span class=\"author\" >Nevin Y\u0131lmaz<\/span>\n                    <span class=\"content\" >Owner of FON Solutions LLC<\/span>\n                <\/div>\n                <div class=\"tt-image\"><\/div>\n                <\/div>\n            <\/div><div class=\"tt-content \">\n              <div class=\"tt-content-inner\">\n                <div class=\"tt-container\" style=\" \">\n                    <h6 style=\" \"\">''T\u00fcrkiyeden Amerikadaki \u015firketiniz i\u00e7in muhasebe deste\u011fi almak isteyen arkada\u015flar , g\u00f6n\u00fcl rahatl\u0131\u011f\u0131yla g\u00fcvenebilirsiniz. Kendi \u015firketleri gibi sahip \u00e7\u0131k\u0131yorlar ve \u00e7ok ilgililer.''<\/h6>\n                    <span class=\"author\" >Hikmet Vahdi \u00d6zdemir<\/span>\n                    <span class=\"content\" ><\/span>\n                <\/div>\n                <div class=\"tt-image\"><\/div>\n                <\/div>\n            <\/div><div class=\"tt-content \">\n              <div class=\"tt-content-inner\">\n                <div class=\"tt-container\" style=\" \">\n                    <h6 style=\" \"\">''USA'ya ta\u015f\u0131nd\u0131\u011f\u0131m\u0131zdan itibaren vergi i\u015flemlerinde desteklerini ald\u0131\u011f\u0131m\u0131z MANAY CPA INC'e ; s\u0131cakkanl\u0131, \u00e7\u00f6z\u00fcm odakl\u0131 ve de tecr\u00fcbeli personeline \u00e7ok te\u015fekk\u00fcr ederiz. Ba\u015far\u0131lar\u0131n\u0131z\u0131n devam\u0131n\u0131 dileriz.''<\/h6>\n                    <span class=\"author\" >Fahrettin G\u00fcnerli<\/span>\n                    <span class=\"content\" ><\/span>\n                <\/div>\n                <div class=\"tt-image\"><\/div>\n                <\/div>\n            <\/div><\/div><script type=\"text\/javascript\">\n              jQuery(document).ready(function($){\n                if ($(\".slider.testimonials.kd-testimonial-69f138c719a7b\").length) {\n                  $(\".slider.testimonials.kd-testimonial-69f138c719a7b\").owlCarousel({\n                    stageClass: \"owl-wrapper\",\n                    stageOuterClass: \"owl-wrapper-outer\",\n                    loadedClass: \"owl-carousel\",\n                    responsive:{\n                        0:{\n                            dots: false,\n                            nav: true,\n                            navSpeed: 500,\n                        },\n                        960:{\nnav: true,\n                              navSpeed: 500,\n                              dots: true,\n                              dotsSpeed: 500,\n                              dotsEach: true,}\n                    },\n                    items: 1,\n                    rewind: true,\n                    loop: true,autoplay: false,autoplayHoverPause: false,\n                  });\n                }\n              });\n            <\/script>[\/vc_column_inner][\/vc_row_inner][\/vc_column][\/vc_row]<\/p>\n<\/div>","protected":false},"excerpt":{"rendered":"<p>[vc_row full_width=&#8221;stretch_row&#8221; css=&#8221;.vc_custom_1622901967389{padding-top: 280px !important;padding-bottom: 150px !important;background-image: url(https:\/\/www.manaycpa.com\/wp-content\/uploads\/2021\/05\/Frame-42.png?id=11787) !important;background-position: center !important;background-repeat: no-repeat !important;background-size: cover !important;}&#8221;][vc_column][vc_row_inner css=&#8221;.vc_custom_1513001355456{margin-bottom: 20px !important;}&#8221;][vc_column_inner width=&#8221;1\/4&#8243;][\/vc_column_inner][vc_column_inner width=&#8221;1\/2&#8243; css=&#8221;.vc_custom_1515501905560{padding-right: 0px !important;padding-left: 0px !important;}&#8221;][vc_empty_space height=&#8221;50&#8243;][vc_custom_heading text=&#8221;Manay CPA Inc. Hakk\u0131nda&#8221; [&hellip;]<\/p>\n","protected":false},"author":8,"featured_media":12243,"parent":9792,"menu_order":0,"comment_status":"closed","ping_status":"closed","template":"","meta":{"footnotes":""},"class_list":["post-9906","page","type-page","status-publish","has-post-thumbnail","hentry"],"_links":{"self":[{"href":"https:\/\/www.manaycpa.com\/tr\/wp-json\/wp\/v2\/pages\/9906","targetHints":{"allow":["GET"]}}],"collection":[{"href":"https:\/\/www.manaycpa.com\/tr\/wp-json\/wp\/v2\/pages"}],"about":[{"href":"https:\/\/www.manaycpa.com\/tr\/wp-json\/wp\/v2\/types\/page"}],"author":[{"embeddable":true,"href":"https:\/\/www.manaycpa.com\/tr\/wp-json\/wp\/v2\/users\/8"}],"replies":[{"embeddable":true,"href":"https:\/\/www.manaycpa.com\/tr\/wp-json\/wp\/v2\/comments?post=9906"}],"version-history":[{"count":0,"href":"https:\/\/www.manaycpa.com\/tr\/wp-json\/wp\/v2\/pages\/9906\/revisions"}],"up":[{"embeddable":true,"href":"https:\/\/www.manaycpa.com\/tr\/wp-json\/wp\/v2\/pages\/9792"}],"wp:featuredmedia":[{"embeddable":true,"href":"https:\/\/www.manaycpa.com\/tr\/wp-json\/wp\/v2\/media\/12243"}],"wp:attachment":[{"href":"https:\/\/www.manaycpa.com\/tr\/wp-json\/wp\/v2\/media?parent=9906"}],"curies":[{"name":"wp","href":"https:\/\/api.w.org\/{rel}","templated":true}]}}