{"id":9910,"date":"2021-02-14T08:23:18","date_gmt":"2021-02-14T08:23:18","guid":{"rendered":"https:\/\/www.manaycpa.com\/why-manay-cpa\/"},"modified":"2023-07-03T12:30:46","modified_gmt":"2023-07-03T12:30:46","slug":"neden-manay-cpa","status":"publish","type":"page","link":"https:\/\/www.manaycpa.com\/tr\/hakkimizda\/neden-manay-cpa\/","title":{"rendered":"Neden Manay CPA"},"content":{"rendered":"<div class=\"wpb-content-wrapper\"><p>[vc_row full_width=&#8221;stretch_row&#8221; kd_image_overlay_color=&#8221;rgba(10,10,10,0.37)&#8221; kd_image_overlay=&#8221;true&#8221; css=&#8221;.vc_custom_1678218028750{padding-top: 260px !important;padding-bottom: 140px !important;background-image: url(https:\/\/www.manaycpa.com\/wp-content\/uploads\/2023\/03\/Untitled-design-2023-03-07T132907.005.png?id=52772) !important;background-position: center !important;background-repeat: no-repeat !important;background-size: cover !important;}&#8221;][vc_column][vc_row_inner][vc_column_inner width=&#8221;1\/6&#8243;][\/vc_column_inner][vc_column_inner width=&#8221;2\/3&#8243;][vc_column_text css_animation=&#8221;fadeIn&#8221;]<\/p>\n<h1 style=\"text-align: center; color: #fff;\">Neden Manay CPA<\/h1>\n<p>[\/vc_column_text][vc_empty_space height=&#8221;25px&#8221;]<header class=\"kd-section-title col-lg-12 text-center  kd-animated fadeIn  \" data-animation-delay=200><h2 class=\"separator_off\" style=\"color: #ffffff;font-size: 42px;\">F\u0131rsatlar\u0131 yakalayabilmeniz i\u00e7in gereken \u00f6ng\u00f6r\u00fc ve deneyime sahibiz.<\/h2><\/header>[\/vc_column_inner][vc_column_inner width=&#8221;1\/6&#8243;][\/vc_column_inner][\/vc_row_inner][vc_row_inner css=&#8221;.vc_custom_1540210188979{padding-top: 20px !important;padding-right: 150px !important;padding-left: 150px !important;}&#8221;][vc_column_inner width=&#8221;1\/3&#8243; css=&#8221;.vc_custom_1513708828972{padding-right: 0px !important;padding-left: 0px !important;}&#8221;]<div class=\"key-icon-box icon-default icon-top cont-center ib-hover-2  kd-animated fadeInUp wmc_icons_part23\" style=\"background-color: transparent;\" ><div class=\"ib-wrapper\"><i class=\"iconsmind-United-States iconsmind-Flags\" style=\" color: #ffffff;\"><\/i> <h6 class=\"service-heading\" style=\"color: #ffffff;\">50 Eyalet<\/h6><p style=\"color: #ffffff;\">Atlanta'da kurulan Manay CPA, Amerika'n\u0131n 50 Eyaletinde hizmet verebilme yetkisine sahiptir.<\/p><\/div><\/div>[\/vc_column_inner][vc_column_inner width=&#8221;1\/3&#8243; css=&#8221;.vc_custom_1513708833716{padding-right: 0px !important;padding-left: 0px !important;}&#8221;]<div class=\"key-icon-box icon-default icon-top cont-center ib-hover-2  kd-animated fadeInUp wmc_icons_part23\" style=\"background-color: transparent;\" data-animation-delay=200><div class=\"ib-wrapper\"><i class=\"iconsmind-Money-2 iconsmind-Business-Finance\" style=\" color: #ffffff;\"><\/i> <h6 class=\"service-heading\" style=\"color: #ffffff;\">$350 M+<\/h6><p style=\"color: #ffffff;\">Hizmet verdi\u011fimiz m\u00fc\u015fterilerimizin 350 Milyon Dolarl\u0131k ticari hacmin mali m\u00fc\u015favirli\u011fini yap\u0131yoruz.<\/p><\/div><\/div>[\/vc_column_inner][vc_column_inner width=&#8221;1\/3&#8243; css=&#8221;.vc_custom_1513708838261{padding-right: 0px !important;padding-left: 0px !important;}&#8221;]<div class=\"key-icon-box icon-default icon-top cont-center ib-hover-2  kd-animated fadeInUp wmc_icons_part23\" style=\"background-color: transparent;\" data-animation-delay=400><div class=\"ib-wrapper\"><i class=\"iconsmind-Business-Mens iconsmind-People\" style=\" color: #ffffff;\"><\/i> <h6 class=\"service-heading\" style=\"color: #ffffff;\">5.000+<\/h6><p style=\"color: #ffffff;\">5.000'den fazla m\u00fc\u015fterimizin Amerika'daki ba\u015far\u0131 hikayelerine ortak olduk.<\/p><\/div><\/div>[\/vc_column_inner][\/vc_row_inner][vc_empty_space]<a  href=\"https:\/\/www.manaycpa.com\/tr\/iletisim\/\"  target=\"_self\"  title=\"https:\/\/www.manaycpa.com\/tr\/iletisim\/\" class=\"tt_button tt_primary_button btn_primary_color  button-center button-action-link  kd-animated zoomIn\" data-animation-delay=200><span class=\"prim_text\">Bize Ula\u015f\u0131n<\/span><\/a>[\/vc_column][\/vc_row][vc_row full_width=&#8221;stretch_row&#8221; css=&#8221;.vc_custom_1614366687570{padding-top: 70px !important;padding-bottom: 70px !important;}&#8221;][vc_column width=&#8221;1\/2&#8243; css=&#8221;.vc_custom_1614366735536{padding-right: 0px !important;padding-left: 0px !important;}&#8221; offset=&#8221;vc_col-lg-6 vc_col-md-12&#8243;][vc_row_inner css=&#8221;.vc_custom_1539606834934{margin-bottom: 10px !important;padding-top: 150px !important;padding-right: 80px !important;}&#8221;][vc_column_inner]<header class=\"kd-section-title col-lg-12 text-left  kd-animated fadeIn  \" data-animation-delay=200><h2 class=\"separator_off\" style=\"font-size: 27px !important;line-height: 40px !important;\">M\u00fc\u015fterilerimiz ile olan ileti\u015fim ve g\u00fcvene \u00f6nem veriyoruz. \u015eirketinize de\u011fer katarak birlikte b\u00fcy\u00fcyoruz.<\/h2><\/header>[vc_column_text]<\/p>\n<p style=\"text-align: left;\">Her m\u00fc\u015fterimizin ihtiya\u00e7lar\u0131n\u0131 \u00f6nceden tahmin edip muhasebe s\u00fcre\u00e7lerini kolayla\u015ft\u0131rmak ve i\u015f kar\u0131n\u0131 art\u0131rmak i\u00e7in gereken planlamalar\u0131 yap\u0131yor, hayata ge\u00e7irmelerine destek oluyoruz.<\/p>\n<p>[\/vc_column_text][vc_empty_space height=&#8221;80px&#8221;][\/vc_column_inner][\/vc_row_inner][\/vc_column][vc_column width=&#8221;1\/12&#8243; offset=&#8221;vc_hidden-md vc_hidden-sm vc_hidden-xs&#8221;][\/vc_column][vc_column width=&#8221;1\/2&#8243; offset=&#8221;vc_col-lg-6 vc_col-md-12&#8243; css=&#8221;.vc_custom_1614366711596{padding-right: 0px !important;}&#8221;][vc_row_inner css=&#8221;.vc_custom_1539595715348{margin-right: -15px !important;padding-right: 0px !important;}&#8221;][vc_column_inner css=&#8221;.vc_custom_1539595642996{padding-right: 0px !important;padding-left: 0px !important;}&#8221;]<div class=\"mg-gallery mg-container row three-columns  hidemobile\" ><div class=\"mg-sizer\"><\/div><div class=\"mg-single-img big-masonry-img\"><a data-size=\"700x700\" href=https:\/\/www.manaycpa.com\/wp-content\/uploads\/2023\/02\/Untitled-design-2023-02-19T120755.044.png  ><img decoding=\"async\" width=\"700\" height=\"700\" src=\"https:\/\/www.manaycpa.com\/wp-content\/uploads\/2023\/02\/Untitled-design-2023-02-19T120755.044.png\" class=\"masonry-gallery-img attachment-full\" alt=\"manaycpa-about-us\" title=\"Untitled design - 2023-02-19T120755.044\" srcset=\"https:\/\/www.manaycpa.com\/wp-content\/uploads\/2023\/02\/Untitled-design-2023-02-19T120755.044.png 700w, https:\/\/www.manaycpa.com\/wp-content\/uploads\/2023\/02\/Untitled-design-2023-02-19T120755.044-300x300.png 300w, https:\/\/www.manaycpa.com\/wp-content\/uploads\/2023\/02\/Untitled-design-2023-02-19T120755.044-150x150.png 150w, https:\/\/www.manaycpa.com\/wp-content\/uploads\/2023\/02\/Untitled-design-2023-02-19T120755.044-320x320.png 320w\" sizes=\"(max-width: 700px) 100vw, 700px\" \/><\/a><\/div><div class=\"mg-single-img small-masonry-img\"><a data-size=\"700x700\" href=https:\/\/www.manaycpa.com\/wp-content\/uploads\/2023\/02\/Untitled-design-2023-02-19T120759.976.png  ><img decoding=\"async\" width=\"700\" height=\"700\" src=\"https:\/\/www.manaycpa.com\/wp-content\/uploads\/2023\/02\/Untitled-design-2023-02-19T120759.976.png\" class=\"masonry-gallery-img attachment-full\" alt=\"manaycpa-team\" title=\"Untitled design - 2023-02-19T120759.976\" srcset=\"https:\/\/www.manaycpa.com\/wp-content\/uploads\/2023\/02\/Untitled-design-2023-02-19T120759.976.png 700w, https:\/\/www.manaycpa.com\/wp-content\/uploads\/2023\/02\/Untitled-design-2023-02-19T120759.976-300x300.png 300w, https:\/\/www.manaycpa.com\/wp-content\/uploads\/2023\/02\/Untitled-design-2023-02-19T120759.976-150x150.png 150w, https:\/\/www.manaycpa.com\/wp-content\/uploads\/2023\/02\/Untitled-design-2023-02-19T120759.976-320x320.png 320w\" sizes=\"(max-width: 700px) 100vw, 700px\" \/><\/a><\/div><div class=\"mg-single-img small-masonry-img\"><a data-size=\"990x532\" href=https:\/\/www.manaycpa.com\/wp-content\/uploads\/2021\/02\/side-section12mnyy4-e1614362974975.jpg  ><img decoding=\"async\" width=\"990\" height=\"532\" src=\"https:\/\/www.manaycpa.com\/wp-content\/uploads\/2021\/02\/side-section12mnyy4-e1614362974975.jpg\" class=\"masonry-gallery-img attachment-full\" alt=\"Career Opportunities in Manay CPA\" title=\"side-section12mnyy4\" srcset=\"https:\/\/www.manaycpa.com\/wp-content\/uploads\/2021\/02\/side-section12mnyy4-e1614362974975.jpg 990w, https:\/\/www.manaycpa.com\/wp-content\/uploads\/2021\/02\/side-section12mnyy4-e1614362974975-800x430.jpg 800w, https:\/\/www.manaycpa.com\/wp-content\/uploads\/2021\/02\/side-section12mnyy4-e1614362974975-300x161.jpg 300w, https:\/\/www.manaycpa.com\/wp-content\/uploads\/2021\/02\/side-section12mnyy4-e1614362974975-768x413.jpg 768w\" sizes=\"(max-width: 990px) 100vw, 990px\" \/><\/a><\/div><div class=\"mg-single-img small-masonry-img\"><a data-size=\"753x465\" href=https:\/\/www.manaycpa.com\/wp-content\/uploads\/2021\/08\/Screenshot-2021-08-19-183010-1.png  ><img decoding=\"async\" width=\"753\" height=\"465\" src=\"https:\/\/www.manaycpa.com\/wp-content\/uploads\/2021\/08\/Screenshot-2021-08-19-183010-1.png\" class=\"masonry-gallery-img attachment-full\" alt=\"\" title=\"Screenshot 2021-08-19 183010\" srcset=\"https:\/\/www.manaycpa.com\/wp-content\/uploads\/2021\/08\/Screenshot-2021-08-19-183010-1.png 753w, https:\/\/www.manaycpa.com\/wp-content\/uploads\/2021\/08\/Screenshot-2021-08-19-183010-1-300x185.png 300w\" sizes=\"(max-width: 753px) 100vw, 753px\" \/><\/a><\/div><div class=\"mg-single-img small-masonry-img\"><a data-size=\"700x400\" href=https:\/\/www.manaycpa.com\/wp-content\/uploads\/2023\/02\/Untitled-design-2023-02-19T121058.788.png  ><img decoding=\"async\" width=\"700\" height=\"400\" src=\"https:\/\/www.manaycpa.com\/wp-content\/uploads\/2023\/02\/Untitled-design-2023-02-19T121058.788.png\" class=\"masonry-gallery-img attachment-full\" alt=\"manaycpa-career-opportunities\" title=\"Untitled design - 2023-02-19T121058.788\" srcset=\"https:\/\/www.manaycpa.com\/wp-content\/uploads\/2023\/02\/Untitled-design-2023-02-19T121058.788.png 700w, https:\/\/www.manaycpa.com\/wp-content\/uploads\/2023\/02\/Untitled-design-2023-02-19T121058.788-300x171.png 300w\" sizes=\"(max-width: 700px) 100vw, 700px\" \/><\/a><\/div><div class=\"mg-single-img small-masonry-img\"><a data-size=\"499x500\" href=https:\/\/www.manaycpa.com\/wp-content\/uploads\/2021\/02\/Screen-Shot-2021-02-26-at-21.12.43.png  ><img decoding=\"async\" width=\"499\" height=\"500\" src=\"https:\/\/www.manaycpa.com\/wp-content\/uploads\/2021\/02\/Screen-Shot-2021-02-26-at-21.12.43.png\" class=\"masonry-gallery-img attachment-full\" alt=\"What Makes Manay CPA Different Marietta CPA Firm\" title=\"Screen Shot 2021-02-26 at 21.12.43\" srcset=\"https:\/\/www.manaycpa.com\/wp-content\/uploads\/2021\/02\/Screen-Shot-2021-02-26-at-21.12.43.png 499w, https:\/\/www.manaycpa.com\/wp-content\/uploads\/2021\/02\/Screen-Shot-2021-02-26-at-21.12.43-300x300.png 300w, https:\/\/www.manaycpa.com\/wp-content\/uploads\/2021\/02\/Screen-Shot-2021-02-26-at-21.12.43-150x150.png 150w, https:\/\/www.manaycpa.com\/wp-content\/uploads\/2021\/02\/Screen-Shot-2021-02-26-at-21.12.43-320x320.png 320w\" sizes=\"(max-width: 499px) 100vw, 499px\" \/><\/a><\/div><\/div>[\/vc_column_inner][\/vc_row_inner][\/vc_column][\/vc_row][vc_row full_width=&#8221;stretch_row_content_no_spaces&#8221; css=&#8221;.vc_custom_1678218144103{background-color: #f5f5f5 !important;}&#8221;][vc_column width=&#8221;1\/2&#8243; css=&#8221;.vc_custom_1614363740610{padding-top: 0px !important;}&#8221; offset=&#8221;vc_col-lg-6 vc_col-md-12&#8243;][vc_row_inner css=&#8221;.vc_custom_1678218097125{padding-top: 200px !important;padding-bottom: 200px !important;background-image: url(https:\/\/www.manaycpa.com\/wp-content\/uploads\/2022\/12\/Untitled-design-2022-12-21T084750.384.png?id=51762) !important;background-position: center !important;background-repeat: no-repeat !important;background-size: cover !important;}&#8221;][vc_column_inner css=&#8221;.vc_custom_1511789291663{padding-top: 0px !important;padding-bottom: 0px !important;}&#8221;][vc_empty_space height=&#8221;200px&#8221;][\/vc_column_inner][\/vc_row_inner][\/vc_column][vc_column width=&#8221;1\/2&#8243; offset=&#8221;vc_col-lg-6 vc_col-md-12&#8243;][vc_row_inner css=&#8221;.vc_custom_1614349203746{padding-top: 65px !important;}&#8221;][vc_column_inner width=&#8221;1\/12&#8243;][\/vc_column_inner][vc_column_inner width=&#8221;2\/3&#8243; css=&#8221;.vc_custom_1614348881673{padding-bottom: 50px !important;}&#8221;]<header class=\"kd-section-title col-lg-12 text-right  kd-animated fadeIn   vc_custom_1617136191870\" data-animation-delay=200><h2 class=\"separator_off\" style=\"font-size: 27px !important;\">Finansal sorunlar\u0131 g\u00f6z \u00f6n\u00fcnde bulundurarak \u015firketinizin daha iyi y\u00f6netilmesi i\u00e7in \u00e7\u00f6z\u00fcmler \u00fcretiyoruz.<\/h2><\/header>[vc_column_text]<\/p>\n<p style=\"text-align: right;\">\u0130spanyol Ticaret Odas\u0131 ve Amerikan T\u00fcrk Dostuk Konseyi\u2019nin (ATFC) orta\u011f\u0131 olarak insanlar\u0131n hayatlar\u0131nda olumlu farklar yaratmak i\u00e7in \u00e7abal\u0131yoruz.<\/p>\n<p style=\"text-align: right;\">Ayr\u0131ca, k\u00fc\u00e7\u00fck ve orta \u00f6l\u00e7ekli i\u015fletmeler i\u00e7in y\u00fcksek standartta muhasebe hizmeti sunarak tasarruf etmelerini sa\u011flayacak vergi ve finansal dan\u0131\u015fmanl\u0131k hizmeti sunuyoruz.<\/p>\n<p>[\/vc_column_text][\/vc_column_inner][\/vc_row_inner][\/vc_column][\/vc_row][vc_row full_width=&#8221;stretch_row&#8221;][vc_column][vc_row_inner css=&#8221;.vc_custom_1645916469766{padding-bottom: 20px !important;}&#8221;][vc_column_inner]<div class=\"slider clients grayscale-effect kd-client-69f4ddbef0d57 black-navigation \"><div class=\"clients-content \" ><img decoding=\"async\" width=\"150\" height=\"50\" src=\"https:\/\/www.manaycpa.com\/wp-content\/uploads\/2022\/07\/Untitled-design-31.png\" class=\"attachment-full\" alt=\"\" title=\"Untitled design (31)\" \/><\/div><div class=\"clients-content \" ><img decoding=\"async\" width=\"234\" height=\"50\" src=\"https:\/\/www.manaycpa.com\/wp-content\/uploads\/2022\/02\/ege-seramik-manaycpa-1.png\" class=\"attachment-full\" alt=\"\" title=\"ege-seramik-manaycpa\" \/><\/div><div class=\"clients-content \" ><img decoding=\"async\" width=\"150\" height=\"50\" src=\"https:\/\/www.manaycpa.com\/wp-content\/uploads\/2023\/03\/Client-Logo-3.png\" class=\"attachment-full\" alt=\"dorak-holding-manaycpa\" title=\"Client Logo (3)\" \/><\/div><div class=\"clients-content \" ><img decoding=\"async\" width=\"234\" height=\"50\" src=\"https:\/\/www.manaycpa.com\/wp-content\/uploads\/2022\/02\/karsan-manaycpa-1.png\" class=\"attachment-full\" alt=\"\" title=\"karsan-manaycpa\" \/><\/div><div class=\"clients-content \" ><img decoding=\"async\" width=\"150\" height=\"50\" src=\"https:\/\/www.manaycpa.com\/wp-content\/uploads\/2023\/03\/Client-Logo-2.png\" class=\"attachment-full\" alt=\"zeplin-manaycpa\" title=\"Client Logo (2)\" \/><\/div><div class=\"clients-content \" ><img decoding=\"async\" width=\"234\" height=\"50\" src=\"https:\/\/www.manaycpa.com\/wp-content\/uploads\/2022\/02\/dekovita-manaycpa-1.png\" class=\"attachment-full\" alt=\"\" title=\"dekovita-manaycpa\" \/><\/div><div class=\"clients-content \" ><img decoding=\"async\" width=\"150\" height=\"50\" src=\"https:\/\/www.manaycpa.com\/wp-content\/uploads\/2023\/03\/Client-Logo-5.png\" class=\"attachment-full\" alt=\"tekfen-manaycpa\" title=\"Client Logo (5)\" \/><\/div><div class=\"clients-content \" ><img decoding=\"async\" width=\"150\" height=\"50\" src=\"https:\/\/www.manaycpa.com\/wp-content\/uploads\/2022\/07\/Untitled-design-34.png\" class=\"attachment-full\" alt=\"\" title=\"Untitled design (34)\" \/><\/div><div class=\"clients-content \" ><img decoding=\"async\" width=\"150\" height=\"50\" src=\"https:\/\/www.manaycpa.com\/wp-content\/uploads\/2023\/03\/Client-Logo-4.png\" class=\"attachment-full\" alt=\"genlab-manaycpa\" title=\"Client Logo (4)\" \/><\/div><div class=\"clients-content \" ><img decoding=\"async\" width=\"234\" height=\"50\" src=\"https:\/\/www.manaycpa.com\/wp-content\/uploads\/2021\/04\/Frame-16-1.png\" class=\"attachment-full\" alt=\"ebebek Logo Manay CPA\" title=\"Frame 16\" \/><\/div><div class=\"clients-content \" ><img decoding=\"async\" width=\"234\" height=\"50\" src=\"https:\/\/www.manaycpa.com\/wp-content\/uploads\/2021\/04\/Frame-15-1.png\" class=\"attachment-full\" alt=\"Ki\u011f\u0131l\u0131 Logo Manay CPA\" title=\"Frame 15\" \/><\/div><div class=\"clients-content \" ><img decoding=\"async\" width=\"150\" height=\"50\" src=\"https:\/\/www.manaycpa.com\/wp-content\/uploads\/2022\/07\/Untitled-design-35.png\" class=\"attachment-full\" alt=\"\" title=\"Untitled design (35)\" \/><\/div><div class=\"clients-content \" ><img decoding=\"async\" width=\"234\" height=\"50\" src=\"https:\/\/www.manaycpa.com\/wp-content\/uploads\/2022\/01\/smart-mimic-manaycpa.png\" class=\"attachment-full\" alt=\"smart-mimic-manaycpa\" title=\"smart-mimic-manaycpa\" \/><\/div><div class=\"clients-content \" ><\/div><div class=\"clients-content \" ><img decoding=\"async\" width=\"234\" height=\"50\" src=\"https:\/\/www.manaycpa.com\/wp-content\/uploads\/2021\/04\/Frame-14-1.png\" class=\"attachment-full\" alt=\"\u015e\u00f6len Logo Manay CPA\" title=\"Frame 14\" \/><\/div><div class=\"clients-content \" ><img decoding=\"async\" width=\"234\" height=\"50\" src=\"https:\/\/www.manaycpa.com\/wp-content\/uploads\/2021\/04\/Frame-17.png\" class=\"attachment-full\" alt=\"BRN Sleep Products Logo Manay CPA\" title=\"Frame 17\" \/><\/div><div class=\"clients-content \" ><img decoding=\"async\" width=\"234\" height=\"50\" src=\"https:\/\/www.manaycpa.com\/wp-content\/uploads\/2021\/03\/Frame-1.png\" class=\"attachment-full\" alt=\"softtech Logo Manay CPA\" title=\"Frame 1\" \/><\/div><div class=\"clients-content \" ><img decoding=\"async\" width=\"234\" height=\"50\" src=\"https:\/\/www.manaycpa.com\/wp-content\/uploads\/2021\/03\/Frame-3.png\" class=\"attachment-full\" alt=\"american  Logo Manay CPA\" title=\"Frame 3\" \/><\/div><div class=\"clients-content \" ><img decoding=\"async\" width=\"234\" height=\"50\" src=\"https:\/\/www.manaycpa.com\/wp-content\/uploads\/2021\/03\/Frame-4.png\" class=\"attachment-full\" alt=\"Madame Coco Logo Manay CPA\" title=\"Frame 4\" \/><\/div><div class=\"clients-content \" ><img decoding=\"async\" width=\"234\" height=\"50\" src=\"https:\/\/www.manaycpa.com\/wp-content\/uploads\/2021\/03\/Frame-5.png\" class=\"attachment-full\" alt=\"AKPA Logo Manay CPA\" title=\"Frame 5\" \/><\/div><div class=\"clients-content \" ><img decoding=\"async\" width=\"234\" height=\"50\" src=\"https:\/\/www.manaycpa.com\/wp-content\/uploads\/2021\/03\/Frame-8.png\" class=\"attachment-full\" alt=\"BOCCHI Logo Manay CPA\" title=\"Frame 8\" \/><\/div><div class=\"clients-content \" ><img decoding=\"async\" width=\"234\" height=\"50\" src=\"https:\/\/www.manaycpa.com\/wp-content\/uploads\/2021\/03\/Frame-9.png\" class=\"attachment-full\" alt=\"Yurtbay Seramik Logo Manay CPA\" title=\"Frame 9\" \/><\/div><div class=\"clients-content \" ><img decoding=\"async\" width=\"234\" height=\"50\" src=\"https:\/\/www.manaycpa.com\/wp-content\/uploads\/2021\/03\/Frame-10.png\" class=\"attachment-full\" alt=\"Mandolin Aegean Bistro Logo Manay CPA\" title=\"Frame 10\" \/><\/div><div class=\"clients-content \" ><img decoding=\"async\" width=\"234\" height=\"50\" src=\"https:\/\/www.manaycpa.com\/wp-content\/uploads\/2021\/03\/Frame-11.png\" class=\"attachment-full\" alt=\"Sixfab Logo Manay CPA\" title=\"Frame 11\" \/><\/div><div class=\"clients-content \" ><img decoding=\"async\" width=\"234\" height=\"50\" src=\"https:\/\/www.manaycpa.com\/wp-content\/uploads\/2021\/03\/Frame-12.png\" class=\"attachment-full\" alt=\"Quickload Logo Manay CPA\" title=\"Frame 12\" \/><\/div><div class=\"clients-content \" ><img decoding=\"async\" width=\"234\" height=\"50\" src=\"https:\/\/www.manaycpa.com\/wp-content\/uploads\/2021\/09\/Frame-30.png\" class=\"attachment-full\" alt=\"Smart Mimic Logo Manay CPA Clients\" title=\"Frame 30\" \/><\/div><div class=\"clients-content \" ><img decoding=\"async\" width=\"140\" height=\"28\" src=\"https:\/\/www.manaycpa.com\/wp-content\/uploads\/2022\/02\/arkasse.png\" class=\"attachment-full\" alt=\"arkas-manaycpa\" title=\"arkasse\" \/><\/div><\/div><script type=\"text\/javascript\">\r\n              jQuery(document).ready(function($){\r\n                if ($(\".slider.clients.kd-client-69f4ddbef0d57\").length) {\r\n                  $(\".slider.clients.kd-client-69f4ddbef0d57\").owlCarousel({\r\n                    stageClass: \"owl-wrapper\",\r\n                    stageOuterClass: \"owl-wrapper-outer\",\r\n                    loadedClass: \"owl-carousel\",\r\n                    responsiveClass:true,\r\n                    responsive:{\r\n                      0:{\r\n                          items:1,nav: true,\r\n                            navSpeed: 500,\r\n                            dots: false,},\r\n                      480:{\r\n                          items:3,nav: true,\r\n                            navSpeed: 500,\r\n                            dots: false,},\r\n                      960:{\r\n                          items:6,nav: true,\r\n                              navSpeed: 500,\r\n                              dots: false,}\r\n                    },loop: true,autoplay: true,autoplayTimeout: 3000,\r\n                  });\r\n                }\r\n              });\r\n            <\/script>[\/vc_column_inner][\/vc_row_inner][vc_row_inner][vc_column_inner offset=&#8221;vc_hidden-sm vc_hidden-xs&#8221;][vc_empty_space height=&#8221;50px&#8221;][\/vc_column_inner][\/vc_row_inner][\/vc_column][\/vc_row][vc_row full_width=&#8221;stretch_row&#8221;][vc_column css=&#8221;.vc_custom_1516095225433{padding-right: 0px !important;padding-left: 0px !important;}&#8221;][vc_row_inner css=&#8221;.vc_custom_1539084650844{padding-top: 100px !important;padding-bottom: 73px !important;}&#8221;][vc_column_inner width=&#8221;1\/12&#8243; css=&#8221;.vc_custom_1515166784808{padding-top: 50px !important;}&#8221;][\/vc_column_inner][vc_column_inner width=&#8221;4\/12&#8243;]<header class=\"kd-section-title col-lg-12 text-left  kd-animated fadeIn   vc_custom_1616792821490\" data-animation-delay=200><h2 class=\"separator_off\" style=\"font-size: 32px !important;\">\u00dccretsiz dan\u0131\u015fmanl\u0131k almak i\u00e7in hemen formu doldurun!<\/h2><\/header><header class=\"kd-section-title col-lg-12 text-left  kd-animated fadeIn   vc_custom_1617135568801\" data-animation-delay=200><h2 class=\"separator_off\" style=\"font-size: 20px !important;\">\u00d6l\u00e7\u00fclebilir sonu\u00e7lar \u00fcreten muhasebe hizmeti ve vergi stratejileri i\u00e7in Manay CPA ile \u00e7al\u0131\u015fmaya ba\u015flay\u0131n!<\/h2><\/header>[\/vc_column_inner][vc_column_inner width=&#8221;1\/12&#8243;][\/vc_column_inner][vc_column_inner width=&#8221;5\/12&#8243;][vc_custom_heading text=&#8221;\u00dccretsiz Dan\u0131\u015fmanl\u0131k Al&#8221; font_container=&#8221;tag:h4|font_size:27px%20!important|text_align:center&#8221; use_theme_fonts=&#8221;yes&#8221; css_animation=&#8221;fadeIn&#8221; css=&#8221;.vc_custom_1617135687511{margin-bottom: 30px !important;}&#8221;][vc_raw_js]JTNDc2NyaXB0JTIwY2hhcnNldCUzRCUyMnV0Zi04JTIyJTIwdHlwZSUzRCUyMnRleHQlMkZqYXZhc2NyaXB0JTIyJTIwc3JjJTNEJTIyJTJGJTJGanMuaHNmb3Jtcy5uZXQlMkZmb3JtcyUyRnYyLmpzJTIyJTNFJTNDJTJGc2NyaXB0JTNFJTBBJTNDc2NyaXB0JTNFJTBBJTIwJTIwaGJzcHQuZm9ybXMuY3JlYXRlJTI4JTdCJTBBJTIwJTIwJTIwJTIwcmVnaW9uJTNBJTIwJTIybmExJTIyJTJDJTBBJTIwJTIwJTIwJTIwcG9ydGFsSWQlM0ElMjAlMjI2ODU1Njc0JTIyJTJDJTBBJTIwJTIwJTIwJTIwZm9ybUlkJTNBJTIwJTIyYTEyZTIzYmMtNzIzOS00NGMyLTgyOWItOThlM2NhNmEzMzk0JTIyJTBBJTIwJTIwJTdEJTI5JTNCJTBBJTNDJTJGc2NyaXB0JTNF[\/vc_raw_js][\/vc_column_inner][vc_column_inner width=&#8221;1\/12&#8243;][\/vc_column_inner][\/vc_row_inner][\/vc_column][\/vc_row]<\/p>\n<\/div>","protected":false},"excerpt":{"rendered":"<p>[vc_row full_width=&#8221;stretch_row&#8221; kd_image_overlay_color=&#8221;rgba(10,10,10,0.37)&#8221; kd_image_overlay=&#8221;true&#8221; css=&#8221;.vc_custom_1678218028750{padding-top: 260px !important;padding-bottom: 140px !important;background-image: url(https:\/\/www.manaycpa.com\/wp-content\/uploads\/2023\/03\/Untitled-design-2023-03-07T132907.005.png?id=52772) !important;background-position: center !important;background-repeat: no-repeat !important;background-size: cover !important;}&#8221;][vc_column][vc_row_inner][vc_column_inner width=&#8221;1\/6&#8243;][\/vc_column_inner][vc_column_inner width=&#8221;2\/3&#8243;][vc_column_text css_animation=&#8221;fadeIn&#8221;] Neden Manay CPA [\/vc_column_text][vc_empty_space height=&#8221;25px&#8221;][\/vc_column_inner][vc_column_inner width=&#8221;1\/6&#8243;][\/vc_column_inner][\/vc_row_inner][vc_row_inner css=&#8221;.vc_custom_1540210188979{padding-top: 20px !important;padding-right: 150px [&hellip;]<\/p>\n","protected":false},"author":8,"featured_media":12243,"parent":9792,"menu_order":0,"comment_status":"closed","ping_status":"closed","template":"","meta":{"footnotes":""},"class_list":["post-9910","page","type-page","status-publish","has-post-thumbnail","hentry"],"_links":{"self":[{"href":"https:\/\/www.manaycpa.com\/tr\/wp-json\/wp\/v2\/pages\/9910","targetHints":{"allow":["GET"]}}],"collection":[{"href":"https:\/\/www.manaycpa.com\/tr\/wp-json\/wp\/v2\/pages"}],"about":[{"href":"https:\/\/www.manaycpa.com\/tr\/wp-json\/wp\/v2\/types\/page"}],"author":[{"embeddable":true,"href":"https:\/\/www.manaycpa.com\/tr\/wp-json\/wp\/v2\/users\/8"}],"replies":[{"embeddable":true,"href":"https:\/\/www.manaycpa.com\/tr\/wp-json\/wp\/v2\/comments?post=9910"}],"version-history":[{"count":0,"href":"https:\/\/www.manaycpa.com\/tr\/wp-json\/wp\/v2\/pages\/9910\/revisions"}],"up":[{"embeddable":true,"href":"https:\/\/www.manaycpa.com\/tr\/wp-json\/wp\/v2\/pages\/9792"}],"wp:featuredmedia":[{"embeddable":true,"href":"https:\/\/www.manaycpa.com\/tr\/wp-json\/wp\/v2\/media\/12243"}],"wp:attachment":[{"href":"https:\/\/www.manaycpa.com\/tr\/wp-json\/wp\/v2\/media?parent=9910"}],"curies":[{"name":"wp","href":"https:\/\/api.w.org\/{rel}","templated":true}]}}