{"id":9962,"date":"2021-02-14T12:34:49","date_gmt":"2021-02-14T12:34:49","guid":{"rendered":"https:\/\/www.manaycpa.com\/client-reviews\/"},"modified":"2025-12-22T17:40:05","modified_gmt":"2025-12-22T21:40:05","slug":"musteri-gorusleri","status":"publish","type":"page","link":"https:\/\/www.manaycpa.com\/tr\/hakkimizda\/musteri-gorusleri\/","title":{"rendered":"M\u00fc\u015fteri G\u00f6r\u00fc\u015fleri"},"content":{"rendered":"<div class=\"wpb-content-wrapper\"><p>[vc_row full_width=&#8221;stretch_row&#8221; css=&#8221;.vc_custom_1617126842310{margin-top: 100px !important;padding-top: 100px !important;padding-bottom: 70px !important;}&#8221;][vc_column width=&#8221;7\/12&#8243; css=&#8221;.vc_custom_1617379691840{padding-right: 0px !important;padding-left: 0px !important;}&#8221; offset=&#8221;vc_col-lg-7 vc_col-md-12&#8243;][vc_row_inner css=&#8221;.vc_custom_1539606834934{margin-bottom: 10px !important;padding-top: 150px !important;padding-right: 80px !important;}&#8221;][vc_column_inner]<header class=\"kd-section-title col-lg-12 text-left  kd-animated fadeIn  \" data-animation-delay=200><h2 class=\"separator_off\" style=\"font-size: 40px !important;line-height: 50px !important;\">Uluslararas\u0131 ve y\u00fcksek standartlarda, profesyonel hizmetler.<\/h2><h6 class=\"subtitle \" >M\u00fc\u015fterilerimizin hayatlar\u0131nda olumlu bir fark yaratma vizyonuyla ilerliyoruz.<\/h6><\/header>[vc_empty_space height=&#8221;20px&#8221;][\/vc_column_inner][\/vc_row_inner][\/vc_column][vc_column width=&#8221;1\/12&#8243; offset=&#8221;vc_hidden-md vc_hidden-sm vc_hidden-xs&#8221;][\/vc_column][vc_column width=&#8221;5\/12&#8243; offset=&#8221;vc_col-lg-5 vc_col-md-12&#8243; css=&#8221;.vc_custom_1617379712533{padding-right: 0px !important;}&#8221;][vc_row_inner css=&#8221;.vc_custom_1539595715348{margin-right: -15px !important;padding-right: 0px !important;}&#8221;][vc_column_inner css=&#8221;.vc_custom_1631172210100{padding-right: 0px !important;padding-left: 0px !important;}&#8221; offset=&#8221;vc_hidden-sm vc_hidden-xs&#8221;]<div class=\"mg-gallery mg-container row three-columns\" ><div class=\"mg-sizer\"><\/div><div class=\"mg-single-img big-masonry-img\"><a data-size=\"1708x2560\" href=https:\/\/www.manaycpa.com\/wp-content\/uploads\/2021\/04\/pexels-thisisengineering-3861447-2.jpg  ><img decoding=\"async\" class=\"masonry-gallery-img \" src=\"https:\/\/www.manaycpa.com\/wp-content\/uploads\/2021\/04\/pexels-thisisengineering-3861447-2-300x300.jpg\" width=\"300\" height=\"300\" alt=\"Manay CPA family of clients. Smyrna tax and accounting\" title=\"pexels-thisisengineering-3861447 (2)\" loading=\"lazy\" \/><\/a><\/div><div class=\"mg-single-img small-masonry-img\"><a data-size=\"1707x2560\" href=https:\/\/www.manaycpa.com\/wp-content\/uploads\/2021\/04\/pexels-djordje-petrovic-2102415-1-1.jpg  ><img decoding=\"async\" class=\"masonry-gallery-img \" src=\"https:\/\/www.manaycpa.com\/wp-content\/uploads\/2021\/04\/pexels-djordje-petrovic-2102415-1-1-150x150.jpg\" width=\"150\" height=\"150\" alt=\"Manay CPA family of clients. Smyrna tax and accounting\" title=\"pexels-djordje-petrovic-2102415 (1) (1)\" loading=\"lazy\" \/><\/a><\/div><div class=\"mg-single-img small-masonry-img\"><a data-size=\"2560x1707\" href=https:\/\/www.manaycpa.com\/wp-content\/uploads\/2021\/04\/pexels-mentatdgt-2559052-1.jpg  ><img decoding=\"async\" class=\"masonry-gallery-img \" src=\"https:\/\/www.manaycpa.com\/wp-content\/uploads\/2021\/04\/pexels-mentatdgt-2559052-1-150x150.jpg\" width=\"150\" height=\"150\" alt=\"Manay CPA family of clients. Smyrna tax and accounting\" title=\"pexels-mentatdgt-2559052 (1)\" loading=\"lazy\" \/><\/a><\/div><div class=\"mg-single-img small-masonry-img\"><a data-size=\"2560x1622\" href=https:\/\/www.manaycpa.com\/wp-content\/uploads\/2021\/04\/pexels-william-fortunato-6393022-1.jpg  ><img decoding=\"async\" class=\"masonry-gallery-img \" src=\"https:\/\/www.manaycpa.com\/wp-content\/uploads\/2021\/04\/pexels-william-fortunato-6393022-1-300x300.jpg\" width=\"300\" height=\"300\" alt=\"Manay CPA family of clients. Smyrna tax and accounting\" title=\"pexels-william-fortunato-6393022 (1)\" loading=\"lazy\" \/><\/a><\/div><div class=\"mg-single-img small-masonry-img\"><a data-size=\"1707x2560\" href=https:\/\/www.manaycpa.com\/wp-content\/uploads\/2021\/04\/pexels-la-miko-3681591.jpg  ><img decoding=\"async\" class=\"masonry-gallery-img \" src=\"https:\/\/www.manaycpa.com\/wp-content\/uploads\/2021\/04\/pexels-la-miko-3681591-150x150.jpg\" width=\"150\" height=\"150\" alt=\"Manay CPA family of clients. Smyrna tax and accounting\" title=\"pexels-la-miko-3681591\" loading=\"lazy\" \/><\/a><\/div><div class=\"mg-single-img small-masonry-img\"><a data-size=\"1800x2560\" href=https:\/\/www.manaycpa.com\/wp-content\/uploads\/2021\/04\/pexels-chloe-kala-1043474-1.jpg  ><img decoding=\"async\" class=\"masonry-gallery-img \" src=\"https:\/\/www.manaycpa.com\/wp-content\/uploads\/2021\/04\/pexels-chloe-kala-1043474-1-150x150.jpg\" width=\"150\" height=\"150\" alt=\"Manay CPA family of clients. Smyrna tax and accounting\" title=\"pexels-chloe-kala-1043474 (1)\" loading=\"lazy\" \/><\/a><\/div><\/div>[\/vc_column_inner][\/vc_row_inner][\/vc_column][\/vc_row][vc_row full_width=&#8221;stretch_row&#8221;][vc_column][vc_row_inner css=&#8221;.vc_custom_1513764983907{padding-top: 100px !important;padding-bottom: 100px !important;}&#8221;][vc_column_inner width=&#8221;1\/4&#8243; css=&#8221;.vc_custom_1535972931048{padding-left: 80px !important;}&#8221;]<div class=\"kd_counter icon-top  count_left \" ><div class=\"kd_counter_content\"><div class=\"kd_counter_icon\"><div class=\"kd-counter-icon\"><i class=\"iconsmind-United-States iconsmind-Flags\" style=\" color: #1a1a1a; \"><\/i><\/div><\/div><h4 class=\"kd_counter_number\"><span class=\"kd_number_string\"  data-from=\"0\" data-to=\"50\" data-refresh-interval=\"50\" >0<\/span>\n                                  <span class=\"kd_counter_units\" >Eyalet<\/span><\/h4><\/div><\/div>[\/vc_column_inner][vc_column_inner width=&#8221;1\/4&#8243; css=&#8221;.vc_custom_1535972934416{padding-left: 80px !important;}&#8221;]<div class=\"kd_counter icon-top  count_left \" ><div class=\"kd_counter_content\"><div class=\"kd_counter_icon\"><div class=\"kd-counter-icon\"><i class=\"iconsmind-Arrow-Refresh2 iconsmind-Arrows\" style=\" color: #1a1a1a; \"><\/i><\/div><\/div><h4 class=\"kd_counter_number\"><span class=\"kd_number_string\"  data-from=\"0\" data-to=\"4\" data-refresh-interval=\"50\" >0<\/span>\n                                  <span class=\"kd_counter_units\" >K\u0131ta<\/span><\/h4><\/div><\/div>[\/vc_column_inner][vc_column_inner width=&#8221;1\/4&#8243; css=&#8221;.vc_custom_1535972937262{padding-left: 80px !important;}&#8221;]<div class=\"kd_counter icon-top  count_left \" ><div class=\"kd_counter_content\"><div class=\"kd_counter_icon\"><div class=\"kd-counter-icon\"><i class=\"iconsmind-People-onCloud iconsmind-Cloud-Class\" style=\" color: #1a1a1a; \"><\/i><\/div><\/div><h4 class=\"kd_counter_number\"><span class=\"kd_number_string\"  data-from=\"0\" data-to=\"7000\" data-refresh-interval=\"50\" >0<\/span>\n                                  <span class=\"kd_counter_units\" >M\u00fc\u015fteri<\/span><\/h4><\/div><\/div>[\/vc_column_inner][vc_column_inner width=&#8221;1\/4&#8243; css=&#8221;.vc_custom_1535972941143{padding-left: 80px !important;}&#8221;]<div class=\"kd_counter icon-top  count_left \" ><div class=\"kd_counter_content\"><div class=\"kd_counter_icon\"><div class=\"kd-counter-icon\"><i class=\"iconsmind-Money-2 iconsmind-Business-Finance\" style=\" color: #1a1a1a; \"><\/i><\/div><\/div><h4 class=\"kd_counter_number\"><span class=\"kd_number_string\"  data-from=\"0\" data-to=\"10000\" data-refresh-interval=\"50\" >0<\/span>\n                                  <span class=\"kd_counter_units\" >Vergi Plan\u0131<\/span><\/h4><\/div><\/div>[\/vc_column_inner][\/vc_row_inner][\/vc_column][\/vc_row][vc_row full_width=&#8221;stretch_row&#8221; kd_image_overlay_color=&#8221;rgba(10,10,10,0.32)&#8221; kd_image_overlay=&#8221;true&#8221; css=&#8221;.vc_custom_1632514859604{padding-top: 100px !important;background-image: url(https:\/\/www.manaycpa.com\/wp-content\/uploads\/2021\/04\/pexels-nout-gons-378570-1.jpg?id=10846) !important;background-position: center !important;background-repeat: no-repeat !important;background-size: cover !important;}&#8221;][vc_column css=&#8221;.vc_custom_1516029079179{padding-right: 0px !important;padding-left: 0px !important;}&#8221;][vc_row_inner][vc_column_inner]<header class=\"kd-section-title vc_col-lg-6 vc_col-sm-8 text-center  kd-animated fadeIn   vc_custom_1632170814903\" data-animation-delay=200><h1 class=\"separator_off\" style=\"color: #ffffff;font-size: 37px !important;\">M\u00fc\u015fterilerimiz Ne D\u00fc\u015f\u00fcn\u00fcyor?<\/h1><h6 class=\"subtitle \" style=\"color: #ffffff;\">\u015eirketimizin ba\u015far\u0131s\u0131n\u0131n dan\u0131\u015fanlar\u0131m\u0131z\u0131n ba\u015far\u0131l\u0131 olmas\u0131ndan ge\u00e7ti\u011fine inan\u0131yoruz. Sizin ve \u015firketinizin ihtiya\u00e7lar\u0131n\u0131 anl\u0131yoruz.<\/h6><\/header>[\/vc_column_inner][\/vc_row_inner][vc_row_inner css=&#8221;.vc_custom_1676153671949{padding-bottom: 50px !important;}&#8221;][vc_column_inner css=&#8221;.vc_custom_1516029043443{padding-right: 0px !important;padding-left: 0px !important;}&#8221;]<div class=\"slider testimonials black-navigation kd-testimonial-69e227c304479  without-image\" ><div class=\"tt-content \">\n              <div class=\"tt-content-inner\">\n                <div class=\"tt-container\" style=\"color: #ffffff; \">\n                    <h6 style=\"color: #ffffff; \"\">''Manay CPA, i\u015f d\u00fcnyas\u0131n\u0131n h\u0131zla de\u011fi\u015fti\u011fi bu d\u00f6nemde, stratejik i\u015f planlamas\u0131nda i\u015fletmeme paha bi\u00e7ilmez yard\u0131mlar sa\u011fl\u0131yor.''<\/h6>\n                    <span class=\"author\" style=\"color: #ffffff;\">Celal Uslu<\/span>\n                    <span class=\"content\" style=\"color: #ffffff;\">Uslu LLC, Owner<\/span>\n                <\/div>\n                <div class=\"tt-image\"><\/div>\n                <\/div>\n            <\/div><div class=\"tt-content \">\n              <div class=\"tt-content-inner\">\n                <div class=\"tt-container\" style=\"color: #ffffff; \">\n                    <h6 style=\"color: #ffffff; \"\">''\u015eirketim hen\u00fcz tam olarak kurulmadan \u00f6nce Manay CPA, PPP'nin C Program\u0131yla sat\u0131n al\u0131ma f\u0131rsat\u0131ndan yararlanabilece\u011fimi s\u00f6yledi. \u015eimdi ikinci PPP uygulamas\u0131n\u0131n yap\u0131yorum. Te\u015fekk\u00fcrler Manay CPA.''<\/h6>\n                    <span class=\"author\" style=\"color: #ffffff;\">Musa Filazioglu<\/span>\n                    <span class=\"content\" style=\"color: #ffffff;\">Contractor<\/span>\n                <\/div>\n                <div class=\"tt-image\"><\/div>\n                <\/div>\n            <\/div><div class=\"tt-content \">\n              <div class=\"tt-content-inner\">\n                <div class=\"tt-container\" style=\"color: #ffffff; \">\n                    <h6 style=\"color: #ffffff; \"\">''T\u00fcrkiyede ya\u015fay\u0131p Amerika'daki \u015firketleri i\u00e7in muhasebe destegi arayanlara g\u00fcvenle \u00f6neririm. \u00c7ok yard\u0131mc\u0131lar ve olduk\u00e7a h\u0131zl\u0131lar. \u00d6zellikle Bur\u00e7in Han\u0131ma ayr\u0131ca te\u015fekk\u00fcrlerimi sunar\u0131m.''<\/h6>\n                    <span class=\"author\" style=\"color: #ffffff;\">Nevin Y\u0131lmaz<\/span>\n                    <span class=\"content\" style=\"color: #ffffff;\">Owner of FON Solutions LLC<\/span>\n                <\/div>\n                <div class=\"tt-image\"><\/div>\n                <\/div>\n            <\/div><div class=\"tt-content \">\n              <div class=\"tt-content-inner\">\n                <div class=\"tt-container\" style=\"color: #ffffff; \">\n                    <h6 style=\"color: #ffffff; \"\">''T\u00fcrkiyeden Amerikadaki \u015firketiniz i\u00e7in muhasebe deste\u011fi almak isteyen arkada\u015flar , g\u00f6n\u00fcl rahatl\u0131\u011f\u0131yla g\u00fcvenebilirsiniz. Kendi \u015firketleri gibi sahip \u00e7\u0131k\u0131yorlar ve \u00e7ok ilgililer.''<\/h6>\n                    <span class=\"author\" style=\"color: #ffffff;\">Hikmet Vahdi \u00d6zdemir<\/span>\n                    <span class=\"content\" style=\"color: #ffffff;\"><\/span>\n                <\/div>\n                <div class=\"tt-image\"><\/div>\n                <\/div>\n            <\/div><div class=\"tt-content \">\n              <div class=\"tt-content-inner\">\n                <div class=\"tt-container\" style=\"color: #ffffff; \">\n                    <h6 style=\"color: #ffffff; \"\">''USA'ya ta\u015f\u0131nd\u0131\u011f\u0131m\u0131zdan itibaren vergi i\u015flemlerinde desteklerini ald\u0131\u011f\u0131m\u0131z MANAY CPA INC'e ; s\u0131cakkanl\u0131, \u00e7\u00f6z\u00fcm odakl\u0131 ve de tecr\u00fcbeli personeline \u00e7ok te\u015fekk\u00fcr ederiz. Ba\u015far\u0131lar\u0131n\u0131z\u0131n devam\u0131n\u0131 dileriz.''<\/h6>\n                    <span class=\"author\" style=\"color: #ffffff;\">Fahrettin G\u00fcnerli<\/span>\n                    <span class=\"content\" style=\"color: #ffffff;\"><\/span>\n                <\/div>\n                <div class=\"tt-image\"><\/div>\n                <\/div>\n            <\/div><\/div><script type=\"text\/javascript\">\n              jQuery(document).ready(function($){\n                if ($(\".slider.testimonials.kd-testimonial-69e227c304479\").length) {\n                  $(\".slider.testimonials.kd-testimonial-69e227c304479\").owlCarousel({\n                    stageClass: \"owl-wrapper\",\n                    stageOuterClass: \"owl-wrapper-outer\",\n                    loadedClass: \"owl-carousel\",\n                    responsive:{\n                        0:{\n                            dots: false,\n                            nav: true,\n                            navSpeed: 500,\n                        },\n                        960:{\nnav: true,\n                              navSpeed: 500,\n                              dots: true,\n                              dotsSpeed: 500,\n                              dotsEach: true,}\n                    },\n                    items: 1,\n                    rewind: true,\n                    loop: true,autoplay: false,autoplayHoverPause: false,\n                  });\n                }\n              });\n            <\/script>[\/vc_column_inner][\/vc_row_inner][\/vc_column][\/vc_row][vc_row full_width=&#8221;stretch_row&#8221;][vc_column][vc_row_inner css=&#8221;.vc_custom_1538394576938{margin-right: 100px !important;margin-left: 100px !important;padding-top: 100px !important;}&#8221;][vc_column_inner width=&#8221;1\/3&#8243; css=&#8221;.vc_custom_1513266911032{border-right-width: 1px !important;padding-top: 40px !important;padding-bottom: 40px !important;border-right-color: rgba(0,0,0,0.08) !important;border-right-style: solid !important;}&#8221;][vc_single_image image=&#8221;14197&#8243; img_size=&#8221;full&#8221; alignment=&#8221;center&#8221;][\/vc_column_inner][vc_column_inner width=&#8221;1\/3&#8243; css=&#8221;.vc_custom_1513266915614{border-right-width: 1px !important;padding-top: 40px !important;padding-bottom: 40px !important;border-right-color: rgba(0,0,0,0.08) !important;border-right-style: solid !important;}&#8221;][vc_single_image image=&#8221;14198&#8243; img_size=&#8221;full&#8221; alignment=&#8221;center&#8221;][\/vc_column_inner][vc_column_inner width=&#8221;1\/3&#8243; css=&#8221;.vc_custom_1538394476816{padding-top: 40px !important;padding-bottom: 40px !important;}&#8221;][vc_single_image image=&#8221;10388&#8243; img_size=&#8221;full&#8221; alignment=&#8221;center&#8221;][\/vc_column_inner][\/vc_row_inner][vc_row_inner css=&#8221;.vc_custom_1538394581753{margin-right: 100px !important;margin-bottom: 100px !important;margin-left: 100px !important;border-top-width: 1px !important;border-top-color: rgba(10,10,10,0.07) !important;border-top-style: solid !important;}&#8221;][vc_column_inner width=&#8221;1\/4&#8243; css=&#8221;.vc_custom_1617380115324{border-right-width: 1px !important;padding-top: 40px !important;padding-bottom: 40px !important;border-right-color: rgba(0,0,0,0.08) !important;border-right-style: solid !important;}&#8221;][\/vc_column_inner][vc_column_inner width=&#8221;1\/4&#8243; css=&#8221;.vc_custom_1513266936444{border-right-width: 1px !important;padding-top: 40px !important;padding-bottom: 40px !important;border-right-color: rgba(0,0,0,0.08) !important;border-right-style: solid !important;}&#8221;][vc_single_image image=&#8221;9524&#8243; img_size=&#8221;100&#215;150&#8243; alignment=&#8221;center&#8221;][\/vc_column_inner][vc_column_inner width=&#8221;1\/4&#8243; css=&#8221;.vc_custom_1612774595669{border-right-width: 1px !important;padding-top: 40px !important;padding-bottom: 40px !important;border-right-color: rgba(0,0,0,0.08) !important;border-right-style: solid !important;}&#8221;][vc_single_image image=&#8221;9522&#8243; img_size=&#8221;100&#215;150&#8243; alignment=&#8221;center&#8221;][\/vc_column_inner][vc_column_inner width=&#8221;1\/4&#8243; css=&#8221;.vc_custom_1612774433151{padding-top: 40px !important;padding-bottom: 40px !important;}&#8221;][\/vc_column_inner][\/vc_row_inner][vc_row_inner css=&#8221;.vc_custom_1538394581753{margin-right: 100px !important;margin-bottom: 100px !important;margin-left: 100px !important;border-top-width: 1px !important;border-top-color: rgba(10,10,10,0.07) !important;border-top-style: solid !important;}&#8221;][vc_column_inner width=&#8221;1\/6&#8243; css=&#8221;.vc_custom_1617380115324{border-right-width: 1px !important;padding-top: 40px !important;padding-bottom: 40px !important;border-right-color: rgba(0,0,0,0.08) !important;border-right-style: solid !important;}&#8221;][vc_single_image image=&#8221;13434&#8243; img_size=&#8221;&#8221; alignment=&#8221;center&#8221;][\/vc_column_inner][vc_column_inner width=&#8221;1\/6&#8243; css=&#8221;.vc_custom_1513266936444{border-right-width: 1px !important;padding-top: 40px !important;padding-bottom: 40px !important;border-right-color: rgba(0,0,0,0.08) !important;border-right-style: solid !important;}&#8221;][vc_single_image image=&#8221;60728&#8243; img_size=&#8221;&#8221; alignment=&#8221;center&#8221; css=&#8221;&#8221;][\/vc_column_inner][vc_column_inner width=&#8221;1\/6&#8243; css=&#8221;.vc_custom_1612774595669{border-right-width: 1px !important;padding-top: 40px !important;padding-bottom: 40px !important;border-right-color: rgba(0,0,0,0.08) !important;border-right-style: solid !important;}&#8221;][vc_single_image image=&#8221;13438&#8243; img_size=&#8221;&#8221; alignment=&#8221;center&#8221; css=&#8221;&#8221;][\/vc_column_inner][vc_column_inner width=&#8221;1\/6&#8243; css=&#8221;.vc_custom_1743527337787{border-right-width: 1px !important;padding-top: 40px !important;padding-bottom: 40px !important;border-right-style: solid !important;border-color: rgba(0,0,0,0.08) !important;}&#8221;][vc_single_image image=&#8221;13440&#8243; img_size=&#8221;&#8221; alignment=&#8221;center&#8221;][\/vc_column_inner][vc_column_inner width=&#8221;1\/6&#8243; css=&#8221;.vc_custom_1743528125285{border-right-width: 1px !important;padding-top: -10px !important;border-right-style: solid !important;border-color: rgba(0,0,0,0.08) !important;}&#8221;][vc_single_image image=&#8221;14024&#8243; img_size=&#8221;&#8221; alignment=&#8221;center&#8221; css=&#8221;.vc_custom_1743527984962{padding-bottom: 30px !important;}&#8221;][\/vc_column_inner][vc_column_inner width=&#8221;1\/6&#8243; css=&#8221;.vc_custom_1743527783524{border-right-width: 1px !important;padding-top: 40px !important;border-right-style: solid !important;border-color: rgba(0,0,0,0.08) !important;}&#8221;][vc_single_image image=&#8221;12870&#8243; img_size=&#8221;&#8221; alignment=&#8221;center&#8221; css=&#8221;&#8221;][\/vc_column_inner][\/vc_row_inner][\/vc_column][\/vc_row][vc_row full_width=&#8221;stretch_row&#8221;][vc_column][vc_row_inner][vc_column_inner offset=&#8221;vc_hidden-sm vc_hidden-xs&#8221;][vc_empty_space height=&#8221;50px&#8221;][\/vc_column_inner][\/vc_row_inner][\/vc_column][\/vc_row][vc_row full_width=&#8221;stretch_row_content_no_spaces&#8221;][vc_column width=&#8221;1\/2&#8243; css=&#8221;.vc_custom_1522244564559{padding-top: 0px !important;}&#8221; offset=&#8221;vc_col-lg-6 vc_col-md-12&#8243;][vc_empty_space height=&#8221;100px&#8221;][vc_gmaps link=&#8221;#E-8_JTNDaWZyYW1lJTIwc3JjJTNEJTIyaHR0cHMlM0ElMkYlMkZ3d3cuZ29vZ2xlLmNvbSUyRm1hcHMlMkZlbWJlZCUzRnBiJTNEJTIxMW0xOCUyMTFtMTIlMjExbTMlMjExZDMzMDYuMDc0NzAyMDEwNjY1NSUyMTJkLTg0LjQ4MDUyMjY4NDU5NTg1JTIxM2QzNC4wNDE5NTQ4MjU3MTkyMSUyMTJtMyUyMTFmMCUyMTJmMCUyMTNmMCUyMTNtMiUyMTFpMTAyNCUyMTJpNzY4JTIxNGYxMy4xJTIxM20zJTIxMW0yJTIxMXMweDg4ZjU2ZDI3Yzc4YmYyZjElMjUzQTB4ZmE0N2JkZGU2M2ExZDQxNyUyMTJzMjUxMyUyNTIwU2hhbGxvd2ZvcmQlMjUyMFJkJTI1MjAlMjUyMzIwMCUyNTJDJTI1MjBNYXJpZXR0YSUyNTJDJTI1MjBHQSUyNTIwMzAwNjYlMjUyQyUyNTIwQW1lcmlrYSUyNTIwQmlybGUlMjVDNSUyNTlGaWslMjUyMERldmxldGxlcmklMjE1ZTAlMjEzbTIlMjExc3RyJTIxMnN0ciUyMTR2MTYxNzM3ODEzNjkxOSUyMTVtMiUyMTFzdHIlMjEyc3RyJTIyJTIwd2lkdGglM0QlMjI2MDAlMjIlMjBoZWlnaHQlM0QlMjI0NTAlMjIlMjBzdHlsZSUzRCUyMmJvcmRlciUzQTAlM0IlMjIlMjBhbGxvd2Z1bGxzY3JlZW4lM0QlMjIlMjIlMjBsb2FkaW5nJTNEJTIybGF6eSUyMiUzRSUzQyUyRmlmcmFtZSUzRQ==&#8221;][\/vc_column][vc_column width=&#8221;1\/2&#8243; css=&#8221;.vc_custom_1539086325567{padding-top: 100px !important;}&#8221; offset=&#8221;vc_col-lg-6 vc_col-md-12&#8243;][vc_row_inner][vc_column_inner width=&#8221;1\/12&#8243; offset=&#8221;vc_col-lg-1&#8243;][\/vc_column_inner][vc_column_inner width=&#8221;5\/6&#8243; css=&#8221;.vc_custom_1617380542247{padding-right: 0px !important;padding-bottom: 30px !important;padding-left: 0px !important;}&#8221; offset=&#8221;vc_col-lg-10&#8243;]<header class=\"kd-section-title col-lg-12 text-left  kd-animated fadeIn  \" data-animation-delay=200><h2 class=\"separator_off\" >\u00dccretsiz Dan\u0131\u015fmanl\u0131k Almak \u0130\u00e7in Formu Doldurun<\/h2><h6 class=\"subtitle \" >Formu doldurduktan sonra, 24 saat i\u00e7inde yetkin vergi ve muhasebe uzmanlar\u0131m\u0131z size d\u00f6n\u00fc\u015f yapacak.<\/h6><\/header>[vc_empty_space height=&#8221;30px&#8221;][vc_raw_js]JTNDc2NyaXB0JTIwY2hhcnNldCUzRCUyMnV0Zi04JTIyJTIwdHlwZSUzRCUyMnRleHQlMkZqYXZhc2NyaXB0JTIyJTIwc3JjJTNEJTIyJTJGJTJGanMuaHNmb3Jtcy5uZXQlMkZmb3JtcyUyRnYyLmpzJTIyJTNFJTNDJTJGc2NyaXB0JTNFJTBBJTNDc2NyaXB0JTNFJTBBJTIwJTIwaGJzcHQuZm9ybXMuY3JlYXRlJTI4JTdCJTBBJTIwJTIwJTIwJTIwcmVnaW9uJTNBJTIwJTIybmExJTIyJTJDJTBBJTIwJTIwJTIwJTIwcG9ydGFsSWQlM0ElMjAlMjI2ODU1Njc0JTIyJTJDJTBBJTIwJTIwJTIwJTIwZm9ybUlkJTNBJTIwJTIyYTEyZTIzYmMtNzIzOS00NGMyLTgyOWItOThlM2NhNmEzMzk0JTIyJTBBJTIwJTIwJTdEJTI5JTNCJTBBJTNDJTJGc2NyaXB0JTNF[\/vc_raw_js][\/vc_column_inner][vc_column_inner width=&#8221;1\/12&#8243; offset=&#8221;vc_col-lg-1&#8243;][\/vc_column_inner][\/vc_row_inner][\/vc_column][\/vc_row]<\/p>\n<\/div>","protected":false},"excerpt":{"rendered":"<p>[vc_row full_width=&#8221;stretch_row&#8221; css=&#8221;.vc_custom_1617126842310{margin-top: 100px !important;padding-top: 100px !important;padding-bottom: 70px !important;}&#8221;][vc_column width=&#8221;7\/12&#8243; css=&#8221;.vc_custom_1617379691840{padding-right: 0px !important;padding-left: 0px !important;}&#8221; offset=&#8221;vc_col-lg-7 vc_col-md-12&#8243;][vc_row_inner css=&#8221;.vc_custom_1539606834934{margin-bottom: 10px !important;padding-top: 150px !important;padding-right: 80px !important;}&#8221;][vc_column_inner][vc_empty_space height=&#8221;20px&#8221;][\/vc_column_inner][\/vc_row_inner][\/vc_column][vc_column width=&#8221;1\/12&#8243; offset=&#8221;vc_hidden-md vc_hidden-sm vc_hidden-xs&#8221;][\/vc_column][vc_column width=&#8221;5\/12&#8243; [&hellip;]<\/p>\n","protected":false},"author":8,"featured_media":0,"parent":9792,"menu_order":0,"comment_status":"closed","ping_status":"closed","template":"","meta":{"footnotes":""},"class_list":["post-9962","page","type-page","status-publish","hentry"],"_links":{"self":[{"href":"https:\/\/www.manaycpa.com\/tr\/wp-json\/wp\/v2\/pages\/9962","targetHints":{"allow":["GET"]}}],"collection":[{"href":"https:\/\/www.manaycpa.com\/tr\/wp-json\/wp\/v2\/pages"}],"about":[{"href":"https:\/\/www.manaycpa.com\/tr\/wp-json\/wp\/v2\/types\/page"}],"author":[{"embeddable":true,"href":"https:\/\/www.manaycpa.com\/tr\/wp-json\/wp\/v2\/users\/8"}],"replies":[{"embeddable":true,"href":"https:\/\/www.manaycpa.com\/tr\/wp-json\/wp\/v2\/comments?post=9962"}],"version-history":[{"count":12,"href":"https:\/\/www.manaycpa.com\/tr\/wp-json\/wp\/v2\/pages\/9962\/revisions"}],"predecessor-version":[{"id":64469,"href":"https:\/\/www.manaycpa.com\/tr\/wp-json\/wp\/v2\/pages\/9962\/revisions\/64469"}],"up":[{"embeddable":true,"href":"https:\/\/www.manaycpa.com\/tr\/wp-json\/wp\/v2\/pages\/9792"}],"wp:attachment":[{"href":"https:\/\/www.manaycpa.com\/tr\/wp-json\/wp\/v2\/media?parent=9962"}],"curies":[{"name":"wp","href":"https:\/\/api.w.org\/{rel}","templated":true}]}}